{"id":33902,"date":"2018-11-29T23:36:26","date_gmt":"2018-11-29T23:36:26","guid":{"rendered":"http:\/\/aepetba.org.br\/web\/?page_id=33902"},"modified":"2025-04-22T17:40:45","modified_gmt":"2025-04-22T20:40:45","slug":"home","status":"publish","type":"page","link":"https:\/\/aepetba.org.br\/v1\/","title":{"rendered":"Home"},"content":{"rendered":"<p>[vc_row full_width=&#8221;stretch_row_content_no_spaces&#8221;][vc_column width=&#8221;2\/3&#8243;][rev_slider_vc alias=&#8221;home&#8221;][\/vc_column][vc_column width=&#8221;1\/3&#8243;][vc_empty_space][vc_column_text]<\/p>\n<p style=\"text-align: center;\"><span style=\"font-size: 18pt;\"><img class=\"emoji\" role=\"img\" draggable=\"false\" src=\"https:\/\/s.w.org\/images\/core\/emoji\/13.1.0\/svg\/1f4a1.svg\" alt=\"\ud83d\udca1\" \/>\u00a0<strong>Aplicativo AEPET BAHIA\u00a0<\/strong><img class=\"emoji\" role=\"img\" draggable=\"false\" src=\"https:\/\/s.w.org\/images\/core\/emoji\/13.1.0\/svg\/1f4f1.svg\" alt=\"\ud83d\udcf1\" \/><\/span><\/p>\n<p>[\/vc_column_text][vc_row_inner][vc_column_inner width=&#8221;1\/2&#8243;][vc_single_image image=&#8221;39402&#8243; img_size=&#8221;&#8221; alignment=&#8221;center&#8221;][\/vc_column_inner][vc_column_inner width=&#8221;1\/2&#8243;][vc_single_image image=&#8221;39468&#8243; img_size=&#8221;medium&#8221; alignment=&#8221;center&#8221; onclick=&#8221;custom_link&#8221; img_link_target=&#8221;_blank&#8221; css_animation=&#8221;bounceInUp&#8221; link=&#8221;https:\/\/bit.ly\/aepetba_iphone&#8221;][vc_single_image image=&#8221;39469&#8243; img_size=&#8221;medium&#8221; alignment=&#8221;center&#8221; onclick=&#8221;custom_link&#8221; img_link_target=&#8221;_blank&#8221; css_animation=&#8221;bounceInUp&#8221; link=&#8221;https:\/\/bit.ly\/aepetba_iphone&#8221;][\/vc_column_inner][\/vc_row_inner][\/vc_column][\/vc_row][vc_row][vc_column width=&#8221;1\/2&#8243;][vc_empty_space height=&#8221;20px&#8221;][vc_single_image image=&#8221;38277&#8243; img_size=&#8221;full&#8221; alignment=&#8221;center&#8221; onclick=&#8221;custom_link&#8221; link=&#8221;https:\/\/aepetba.org.br\/v1\/vitalmed\/&#8221;][\/vc_column][vc_column width=&#8221;1\/2&#8243;][vc_empty_space height=&#8221;20px&#8221;][vc_single_image image=&#8221;44492&#8243; img_size=&#8221;full&#8221; alignment=&#8221;center&#8221; onclick=&#8221;custom_link&#8221; link=&#8221;https:\/\/aepetba.org.br\/v1\/liberty-affinity\/&#8221;][\/vc_column][\/vc_row][vc_row full_width=&#8221;stretch_row&#8221;][vc_column css_animation=&#8221;bounceIn&#8221;]<div class=\"panel-group style-2 collapsed\" id=\"accordion1\"><div class=\"panel\">\n                <div class=\"panel-heading\">\n                    <h4 class=\"panel-title\">\n                        <a data-toggle=\"collapse\"  class='collapsed' href=\"#collapse1\">ACESSO R\u00c1PIDO<\/a>\n                    <\/h4>\n                <\/div>\n                <div id=\"collapse1\" class=\"panel-collapse collapse\">\n                    <div class=\"panel-body\"><ul class='logos'><li><a href='https:\/\/aepetba.org.br\/v1\/publicacao-diretoria-e-associados\/' target='_blank'><img src='https:\/\/aepetba.org.br\/v1\/wp-content\/uploads\/2021\/02\/BOTAO1-AEPET-BA_06.png' alt='Conte\u00fados'><span class='hover'><img src='https:\/\/aepetba.org.br\/v1\/wp-content\/uploads\/2022\/07\/BOTAO1-AEPET-BA_06-blackwhite.png' alt=''><\/span><\/a><\/li><li><a href='https:\/\/aepetba.org.br\/v1\/agenda\/' target='_blank'><img src='https:\/\/aepetba.org.br\/v1\/wp-content\/uploads\/2021\/08\/botao-agenda-eventos_03.png' alt='Agenda'><span class='hover'><img src='https:\/\/aepetba.org.br\/v1\/wp-content\/uploads\/2022\/07\/botao-agenda-eventos_03-blackwhite.png' alt=''><\/span><\/a><\/li><li><a href='https:\/\/aepetba.org.br\/v1\/privacidade\/' target='_blank'><img src='https:\/\/aepetba.org.br\/v1\/wp-content\/uploads\/2021\/06\/privacidade-aepet-bahia-petroleo_03.png' alt='Privacidade'><span class='hover'><img src='https:\/\/aepetba.org.br\/v1\/wp-content\/uploads\/2022\/07\/privacidade-aepet-bahia-petroleo_03-blackwhite.png' alt=''><\/span><\/a><\/li><li><a href='https:\/\/aepetba.org.br\/v1\/acoes-judiciais\/' target='_blank'><img src='https:\/\/aepetba.org.br\/v1\/wp-content\/uploads\/2021\/02\/botao3-aepet-bahia_06.png' alt='A\u00e7\u00f5es Judiciais'><span class='hover'><img src='https:\/\/aepetba.org.br\/v1\/wp-content\/uploads\/2022\/07\/botao3-aepet-bahia_06-blackwhite.png' alt=''><\/span><\/a><\/li><li><a href='https:\/\/aepetba.org.br\/v1\/ams-petros\/' target='_blank'><img src='https:\/\/aepetba.org.br\/v1\/wp-content\/uploads\/2021\/03\/botao-ams-petros_03.png' alt='AMS e PETROS'><span class='hover'><img src='https:\/\/aepetba.org.br\/v1\/wp-content\/uploads\/2022\/07\/botao-ams-petros_03-blackwhite.png' alt=''><\/span><\/a><\/li><li><a href='https:\/\/aepetba.org.br\/v1\/beneficio-associados\/' target='_blank'><img src='https:\/\/aepetba.org.br\/v1\/wp-content\/uploads\/2021\/05\/beneficio-associados-aepet-bahia-petroleobahia_03.png' alt='Benef\u00edcios'><span class='hover'><img src='https:\/\/aepetba.org.br\/v1\/wp-content\/uploads\/2022\/07\/beneficio-associados-aepet-bahia-petroleobahia_03-blackwhite.png' alt=''><\/span><\/a><\/li><li><a href='https:\/\/www.aepet.org.br\/w3\/index.php\/periodicos\/aepet-direto-diario' target='_blank'><img src='https:\/\/aepetba.org.br\/v1\/wp-content\/uploads\/2021\/02\/botao6-aepet-bahia_03.png' alt='Boletim AEPET Nacional'><span class='hover'><img src='https:\/\/aepetba.org.br\/v1\/wp-content\/uploads\/2022\/07\/botao6-aepet-bahia_03-blackwhite.png' alt=''><\/span><\/a><\/li><\/ul><\/div>\n                <\/div>\n            <\/div><\/div>[\/vc_column][\/vc_row][vc_row][vc_column][vc_column_text]<\/p>\n<h1><strong>Destaques<\/strong><\/h1>\n<p>[\/vc_column_text][vc_row_inner][vc_column_inner width=&#8221;1\/4&#8243;][vc_empty_space][vc_single_image image=&#8221;43316&#8243; img_size=&#8221;full&#8221; alignment=&#8221;center&#8221; onclick=&#8221;custom_link&#8221; img_link_target=&#8221;_blank&#8221; css_animation=&#8221;bounceIn&#8221; link=&#8221;https:\/\/docs.google.com\/forms\/d\/e\/1FAIpQLSfj92LwEGG8_gfIGX7q0c8AgKMOB21wB9ojjHQj0mYKBnPqDQ\/viewform?usp=sf_link&#8221;][\/vc_column_inner][vc_column_inner width=&#8221;3\/4&#8243;][vc_empty_space][vc_single_image image=&#8221;38661&#8243; img_size=&#8221;large&#8221; alignment=&#8221;center&#8221; style=&#8221;vc_box_shadow_3d&#8221; onclick=&#8221;custom_link&#8221; css_animation=&#8221;fadeInUp&#8221; link=&#8221;https:\/\/aepetba.org.br\/v1\/seminario-2022\/&#8221;][\/vc_column_inner][\/vc_row_inner][vc_row_inner][vc_column_inner][vc_empty_space height=&#8221;20px&#8221;][vc_raw_html]JTNDcCUyMGlkJTNEJTIybm90aWNpYXNfYXBwJTIyJTNFJTIwJTNDJTJGcCUzRQ==[\/vc_raw_html][\/vc_column_inner][\/vc_row_inner][vc_basic_grid post_type=&#8221;post&#8221; max_items=&#8221;8&#8243; element_width=&#8221;3&#8243; item=&#8221;35456&#8243; grid_id=&#8221;vc_gid:1745354420338-2bc29502-e7ef-9&#8243; taxonomies=&#8221;87&#8243;][vc_btn title=&#8221;VER TODAS AS NOT\u00cdCIAS&#8221; color=&#8221;primary&#8221; align=&#8221;center&#8221; link=&#8221;url:https%3A%2F%2Faepetba.org.br%2Fv1%2Fnoticias%2F|||&#8221;][\/vc_column][\/vc_row][vc_row][vc_column width=&#8221;3\/4&#8243;][vc_empty_space][vc_column_text]<\/p>\n<h1 style=\"text-align: center;\">Localiza\u00e7\u00e3o da AEPET-BA<\/h1>\n<h3 style=\"text-align: justify;\">Av. Tancredo Neves, n 2539, Condom\u00ednio CEO, Torre Londres, sala 106, CEP 41.820-020.<br \/>\nRefer\u00eancia: Pr\u00e9dio mais pr\u00f3ximo da passarela que liga o Hospital Sarah ao Salvador Shopping.<\/h3>\n<p>[\/vc_column_text][vc_empty_space][vc_single_image image=&#8221;34100&#8243; img_size=&#8221;full&#8221; onclick=&#8221;custom_link&#8221; img_link_target=&#8221;_blank&#8221; link=&#8221;https:\/\/goo.gl\/maps\/sxk6HEUhX4K2&#8243;][vc_column_text]<\/p>\n<h3 style=\"text-align: center;\">Clique no mapa para abrir a localiza\u00e7\u00e3o no Google Maps!<\/h3>\n<p>[\/vc_column_text][vc_row_inner][vc_column_inner][vc_empty_space][\/vc_column_inner][\/vc_row_inner][\/vc_column][vc_column width=&#8221;1\/4&#8243;]<div class=\"video-wrapper\"><iframe src=\"https:\/\/www.youtube.com\/embed\/jWJPgIWzfZk?wmode=transparent\" width=\"560\" height=\"315\" style=\"border: none !important\"><\/iframe><\/div>[vc_empty_space][vc_raw_html]JTNDaWZyYW1lJTIwc3JjJTNEJTIyaHR0cHMlM0ElMkYlMkZ3d3cuZmFjZWJvb2suY29tJTJGcGx1Z2lucyUyRnBhZ2UucGhwJTNGaHJlZiUzRGh0dHBzJTI1M0ElMjUyRiUyNTJGd3d3LmZhY2Vib29rLmNvbSUyNTJGYWVwZXRiYSUyNTJGJTI2dGFicyUzRHRpbWVsaW5lJTI2d2lkdGglM0QyOTAlMjZoZWlnaHQlM0Q2MDAlMjZzbWFsbF9oZWFkZXIlM0R0cnVlJTI2YWRhcHRfY29udGFpbmVyX3dpZHRoJTNEdHJ1ZSUyNmhpZGVfY292ZXIlM0RmYWxzZSUyNnNob3dfZmFjZXBpbGUlM0R0cnVlJTI2YXBwSWQlM0QxMzIwNDYyOTczODA0MjIlMjIlMjB3aWR0aCUzRCUyMjI5MCUyMiUyMGhlaWdodCUzRCUyMjcwJTIyJTIwc3R5bGUlM0QlMjJib3JkZXIlM0Fub25lJTNCb3ZlcmZsb3clM0FoaWRkZW4lMjIlMjBzY3JvbGxpbmclM0QlMjJubyUyMiUyMGZyYW1lYm9yZGVyJTNEJTIyMCUyMiUyMGFsbG93VHJhbnNwYXJlbmN5JTNEJTIydHJ1ZSUyMiUyMGFsbG93JTNEJTIyZW5jcnlwdGVkLW1lZGlhJTIyJTNFJTNDJTJGaWZyYW1lJTNF[\/vc_raw_html][vc_empty_space][\/vc_column][\/vc_row][vc_row full_width=&#8221;stretch_row&#8221; css=&#8221;.vc_custom_1616685943490{background-color: #00968c !important;}&#8221;][vc_column width=&#8221;1\/2&#8243;][vc_column_text]<\/p>\n<p style=\"text-align: center;\"><span style=\"color: #ffffff; font-size: 40px;\">Seja Associado!<\/span><\/p>\n<p style=\"text-align: center;\"><span style=\"color: #ffffff; font-size: 20px;\">Junte-se a n\u00f3s nessa luta pelos seus direitos, pela PETROBR\u00c1S, PETROS e AMS.<\/span><\/p>\n<p>[\/vc_column_text][vc_btn title=&#8221;ASSOCIE-SE AQUI&#8221; style=&#8221;custom&#8221; custom_background=&#8221;#1e73be&#8221; custom_text=&#8221;#ffffff&#8221; align=&#8221;center&#8221; link=&#8221;url:https%3A%2F%2Faepetba.org.br%2Fv1%2Fassocie-se-ja%2F|title:Associe-se%20j%C3%A1!||&#8221; css=&#8221;.vc_custom_1612544396554{border-radius: 10px !important;}&#8221;][vc_btn title=&#8221;CADASTRO DE ENTIDADES&#8221; style=&#8221;custom&#8221; custom_background=&#8221;#178c10&#8243; custom_text=&#8221;#ffffff&#8221; align=&#8221;center&#8221; link=&#8221;url:https%3A%2F%2Fforms.gle%2FwSsZt3aV49xSkmr18|title:Cadastro%20Entidades|target:%20_blank|&#8221; css=&#8221;.vc_custom_1614018280875{border-radius: 10px !important;}&#8221;][\/vc_column][vc_column width=&#8221;1\/2&#8243;][vc_column_text]<\/p>\n<p style=\"text-align: center;\"><span style=\"color: #ffffff; font-size: 20px;\">Associados (as),<br \/>\nFiquem por dentro das a\u00e7\u00f5es e servi\u00e7os oferecidos pela AEPET-BA.<\/span><\/p>\n<p>[\/vc_column_text][vc_btn title=&#8221;ATUALIZAR CADASTRO&#8221; style=&#8221;custom&#8221; custom_background=&#8221;#178c10&#8243; custom_text=&#8221;#ffffff&#8221; align=&#8221;center&#8221; link=&#8221;url:https%3A%2F%2Faepetba.org.br%2Fv1%2Fatualizacao-cadastral%2F|title:Atualizar%20Cadastro||&#8221; css=&#8221;.vc_custom_1612544408915{border-radius: 10px !important;}&#8221;][\/vc_column][\/vc_row]<\/p>\n","protected":false},"excerpt":{"rendered":"<p>[vc_row full_width=&#8221;stretch_row_content_no_spaces&#8221;][vc_column width=&#8221;2\/3&#8243;][rev_slider_vc alias=&#8221;home&#8221;][\/vc_column][vc_column width=&#8221;1\/3&#8243;][vc_empty_space][vc_column_text] \u00a0Aplicativo AEPET BAHIA\u00a0 [\/vc_column_text][vc_row_inner][vc_column_inner width=&#8221;1\/2&#8243;][vc_single_image image=&#8221;39402&#8243; img_size=&#8221;&#8221; alignment=&#8221;center&#8221;][\/vc_column_inner][vc_column_inner width=&#8221;1\/2&#8243;][vc_single_image image=&#8221;39468&#8243; img_size=&#8221;medium&#8221; alignment=&#8221;center&#8221; onclick=&#8221;custom_link&#8221; img_link_target=&#8221;_blank&#8221; css_animation=&#8221;bounceInUp&#8221; link=&#8221;https:\/\/bit.ly\/aepetba_iphone&#8221;][vc_single_image image=&#8221;39469&#8243; img_size=&#8221;medium&#8221; alignment=&#8221;center&#8221; onclick=&#8221;custom_link&#8221; img_link_target=&#8221;_blank&#8221; css_animation=&#8221;bounceInUp&#8221; link=&#8221;https:\/\/bit.ly\/aepetba_iphone&#8221;][\/vc_column_inner][\/vc_row_inner][\/vc_column][\/vc_row][vc_row][vc_column width=&#8221;1\/2&#8243;][vc_empty_space height=&#8221;20px&#8221;][vc_single_image image=&#8221;38277&#8243; img_size=&#8221;full&#8221; alignment=&#8221;center&#8221; onclick=&#8221;custom_link&#8221; link=&#8221;https:\/\/aepetba.org.br\/v1\/vitalmed\/&#8221;][\/vc_column][vc_column width=&#8221;1\/2&#8243;][vc_empty_space height=&#8221;20px&#8221;][vc_single_image image=&#8221;44492&#8243; img_size=&#8221;full&#8221; alignment=&#8221;center&#8221;&#8230;<\/p>\n","protected":false},"author":1,"featured_media":0,"parent":0,"menu_order":0,"comment_status":"closed","ping_status":"closed","template":"","meta":[],"yoast_head":"<!-- This site is optimized with the Yoast SEO plugin v19.3 - https:\/\/yoast.com\/wordpress\/plugins\/seo\/ -->\n<title>Home - AEPET N\u00daCLEO BAHIA<\/title>\n<meta name=\"robots\" content=\"index, follow, max-snippet:-1, max-image-preview:large, max-video-preview:-1\" \/>\n<link rel=\"canonical\" href=\"https:\/\/aepetba.org.br\/v1\/\" \/>\n<meta property=\"og:locale\" content=\"pt_BR\" \/>\n<meta property=\"og:type\" content=\"article\" \/>\n<meta property=\"og:title\" content=\"Home - AEPET N\u00daCLEO BAHIA\" \/>\n<meta property=\"og:description\" content=\"[vc_row full_width=&#8221;stretch_row_content_no_spaces&#8221;][vc_column width=&#8221;2\/3&#8243;][rev_slider_vc alias=&#8221;home&#8221;][\/vc_column][vc_column width=&#8221;1\/3&#8243;][vc_empty_space][vc_column_text] \u00a0Aplicativo AEPET BAHIA\u00a0 [\/vc_column_text][vc_row_inner][vc_column_inner width=&#8221;1\/2&#8243;][vc_single_image image=&#8221;39402&#8243; img_size=&#8221;&#8221; alignment=&#8221;center&#8221;][\/vc_column_inner][vc_column_inner width=&#8221;1\/2&#8243;][vc_single_image image=&#8221;39468&#8243; img_size=&#8221;medium&#8221; alignment=&#8221;center&#8221; onclick=&#8221;custom_link&#8221; img_link_target=&#8221;_blank&#8221; css_animation=&#8221;bounceInUp&#8221; link=&#8221;https:\/\/bit.ly\/aepetba_iphone&#8221;][vc_single_image image=&#8221;39469&#8243; img_size=&#8221;medium&#8221; alignment=&#8221;center&#8221; onclick=&#8221;custom_link&#8221; img_link_target=&#8221;_blank&#8221; css_animation=&#8221;bounceInUp&#8221; link=&#8221;https:\/\/bit.ly\/aepetba_iphone&#8221;][\/vc_column_inner][\/vc_row_inner][\/vc_column][\/vc_row][vc_row][vc_column width=&#8221;1\/2&#8243;][vc_empty_space height=&#8221;20px&#8221;][vc_single_image image=&#8221;38277&#8243; img_size=&#8221;full&#8221; alignment=&#8221;center&#8221; onclick=&#8221;custom_link&#8221; link=&#8221;https:\/\/aepetba.org.br\/v1\/vitalmed\/&#8221;][\/vc_column][vc_column width=&#8221;1\/2&#8243;][vc_empty_space height=&#8221;20px&#8221;][vc_single_image image=&#8221;44492&#8243; img_size=&#8221;full&#8221; alignment=&#8221;center&#8221;...\" \/>\n<meta property=\"og:url\" content=\"https:\/\/aepetba.org.br\/v1\/\" \/>\n<meta property=\"og:site_name\" content=\"AEPET N\u00daCLEO BAHIA\" \/>\n<meta property=\"article:publisher\" content=\"https:\/\/web.facebook.com\/aepetba\" \/>\n<meta property=\"article:modified_time\" content=\"2025-04-22T20:40:45+00:00\" \/>\n<meta property=\"og:image\" content=\"https:\/\/s.w.org\/images\/core\/emoji\/13.1.0\/svg\/1f4a1.svg\" \/>\n<meta name=\"twitter:card\" content=\"summary_large_image\" \/>\n<meta name=\"twitter:site\" content=\"@aepetbahia\" \/>\n<meta name=\"twitter:label1\" content=\"Est. tempo de leitura\" \/>\n\t<meta name=\"twitter:data1\" content=\"2 minutos\" \/>\n<script type=\"application\/ld+json\" class=\"yoast-schema-graph\">{\"@context\":\"https:\/\/schema.org\",\"@graph\":[{\"@type\":\"Organization\",\"@id\":\"https:\/\/aepetba.org.br\/v1\/#organization\",\"name\":\"AEPET N\u00facleo Bahia\",\"url\":\"https:\/\/aepetba.org.br\/v1\/\",\"sameAs\":[\"https:\/\/www.instagram.com\/aepetbahia\/\",\"https:\/\/www.youtube.com\/c\/AEPETBAHIA\",\"https:\/\/web.facebook.com\/aepetba\",\"https:\/\/twitter.com\/aepetbahia\"],\"logo\":{\"@type\":\"ImageObject\",\"inLanguage\":\"pt-BR\",\"@id\":\"https:\/\/aepetba.org.br\/v1\/#\/schema\/logo\/image\/\",\"url\":\"https:\/\/aepetba.org.br\/v1\/wp-content\/uploads\/revslider\/home\/logo-AEPETBA.png\",\"contentUrl\":\"https:\/\/aepetba.org.br\/v1\/wp-content\/uploads\/revslider\/home\/logo-AEPETBA.png\",\"width\":297,\"height\":86,\"caption\":\"AEPET N\u00facleo Bahia\"},\"image\":{\"@id\":\"https:\/\/aepetba.org.br\/v1\/#\/schema\/logo\/image\/\"}},{\"@type\":\"WebSite\",\"@id\":\"https:\/\/aepetba.org.br\/v1\/#website\",\"url\":\"https:\/\/aepetba.org.br\/v1\/\",\"name\":\"AEPET N\u00daCLEO BAHIA\",\"description\":\"Associa\u00e7\u00e3o dos Engenheiros da Petrobr\u00e1s N\u00facleo Bahia Petr\u00f3leo Bahia Salvador Nordeste \",\"publisher\":{\"@id\":\"https:\/\/aepetba.org.br\/v1\/#organization\"},\"potentialAction\":[{\"@type\":\"SearchAction\",\"target\":{\"@type\":\"EntryPoint\",\"urlTemplate\":\"https:\/\/aepetba.org.br\/v1\/?s={search_term_string}\"},\"query-input\":\"required name=search_term_string\"}],\"inLanguage\":\"pt-BR\"},{\"@type\":\"ImageObject\",\"inLanguage\":\"pt-BR\",\"@id\":\"https:\/\/aepetba.org.br\/v1\/#primaryimage\",\"url\":\"https:\/\/s.w.org\/images\/core\/emoji\/13.1.0\/svg\/1f4a1.svg\",\"contentUrl\":\"https:\/\/s.w.org\/images\/core\/emoji\/13.1.0\/svg\/1f4a1.svg\"},{\"@type\":\"WebPage\",\"@id\":\"https:\/\/aepetba.org.br\/v1\/\",\"url\":\"https:\/\/aepetba.org.br\/v1\/\",\"name\":\"Home - AEPET N\u00daCLEO BAHIA\",\"isPartOf\":{\"@id\":\"https:\/\/aepetba.org.br\/v1\/#website\"},\"primaryImageOfPage\":{\"@id\":\"https:\/\/aepetba.org.br\/v1\/#primaryimage\"},\"datePublished\":\"2018-11-29T23:36:26+00:00\",\"dateModified\":\"2025-04-22T20:40:45+00:00\",\"breadcrumb\":{\"@id\":\"https:\/\/aepetba.org.br\/v1\/#breadcrumb\"},\"inLanguage\":\"pt-BR\",\"potentialAction\":[{\"@type\":\"ReadAction\",\"target\":[\"https:\/\/aepetba.org.br\/v1\/\"]}]},{\"@type\":\"BreadcrumbList\",\"@id\":\"https:\/\/aepetba.org.br\/v1\/#breadcrumb\",\"itemListElement\":[{\"@type\":\"ListItem\",\"position\":1,\"name\":\"In\u00edcio\",\"item\":\"https:\/\/aepetba.org.br\/v1\/\"},{\"@type\":\"ListItem\",\"position\":2,\"name\":\"Home\"}]}]}<\/script>\n<!-- \/ Yoast SEO plugin. -->","yoast_head_json":{"title":"Home - AEPET N\u00daCLEO BAHIA","robots":{"index":"index","follow":"follow","max-snippet":"max-snippet:-1","max-image-preview":"max-image-preview:large","max-video-preview":"max-video-preview:-1"},"canonical":"https:\/\/aepetba.org.br\/v1\/","og_locale":"pt_BR","og_type":"article","og_title":"Home - AEPET N\u00daCLEO BAHIA","og_description":"[vc_row full_width=&#8221;stretch_row_content_no_spaces&#8221;][vc_column width=&#8221;2\/3&#8243;][rev_slider_vc alias=&#8221;home&#8221;][\/vc_column][vc_column width=&#8221;1\/3&#8243;][vc_empty_space][vc_column_text] \u00a0Aplicativo AEPET BAHIA\u00a0 [\/vc_column_text][vc_row_inner][vc_column_inner width=&#8221;1\/2&#8243;][vc_single_image image=&#8221;39402&#8243; img_size=&#8221;&#8221; alignment=&#8221;center&#8221;][\/vc_column_inner][vc_column_inner width=&#8221;1\/2&#8243;][vc_single_image image=&#8221;39468&#8243; img_size=&#8221;medium&#8221; alignment=&#8221;center&#8221; onclick=&#8221;custom_link&#8221; img_link_target=&#8221;_blank&#8221; css_animation=&#8221;bounceInUp&#8221; link=&#8221;https:\/\/bit.ly\/aepetba_iphone&#8221;][vc_single_image image=&#8221;39469&#8243; img_size=&#8221;medium&#8221; alignment=&#8221;center&#8221; onclick=&#8221;custom_link&#8221; img_link_target=&#8221;_blank&#8221; css_animation=&#8221;bounceInUp&#8221; link=&#8221;https:\/\/bit.ly\/aepetba_iphone&#8221;][\/vc_column_inner][\/vc_row_inner][\/vc_column][\/vc_row][vc_row][vc_column width=&#8221;1\/2&#8243;][vc_empty_space height=&#8221;20px&#8221;][vc_single_image image=&#8221;38277&#8243; img_size=&#8221;full&#8221; alignment=&#8221;center&#8221; onclick=&#8221;custom_link&#8221; link=&#8221;https:\/\/aepetba.org.br\/v1\/vitalmed\/&#8221;][\/vc_column][vc_column width=&#8221;1\/2&#8243;][vc_empty_space height=&#8221;20px&#8221;][vc_single_image image=&#8221;44492&#8243; img_size=&#8221;full&#8221; alignment=&#8221;center&#8221;...","og_url":"https:\/\/aepetba.org.br\/v1\/","og_site_name":"AEPET N\u00daCLEO BAHIA","article_publisher":"https:\/\/web.facebook.com\/aepetba","article_modified_time":"2025-04-22T20:40:45+00:00","og_image":[{"url":"https:\/\/s.w.org\/images\/core\/emoji\/13.1.0\/svg\/1f4a1.svg"}],"twitter_card":"summary_large_image","twitter_site":"@aepetbahia","twitter_misc":{"Est. tempo de leitura":"2 minutos"},"schema":{"@context":"https:\/\/schema.org","@graph":[{"@type":"Organization","@id":"https:\/\/aepetba.org.br\/v1\/#organization","name":"AEPET N\u00facleo Bahia","url":"https:\/\/aepetba.org.br\/v1\/","sameAs":["https:\/\/www.instagram.com\/aepetbahia\/","https:\/\/www.youtube.com\/c\/AEPETBAHIA","https:\/\/web.facebook.com\/aepetba","https:\/\/twitter.com\/aepetbahia"],"logo":{"@type":"ImageObject","inLanguage":"pt-BR","@id":"https:\/\/aepetba.org.br\/v1\/#\/schema\/logo\/image\/","url":"https:\/\/aepetba.org.br\/v1\/wp-content\/uploads\/revslider\/home\/logo-AEPETBA.png","contentUrl":"https:\/\/aepetba.org.br\/v1\/wp-content\/uploads\/revslider\/home\/logo-AEPETBA.png","width":297,"height":86,"caption":"AEPET N\u00facleo Bahia"},"image":{"@id":"https:\/\/aepetba.org.br\/v1\/#\/schema\/logo\/image\/"}},{"@type":"WebSite","@id":"https:\/\/aepetba.org.br\/v1\/#website","url":"https:\/\/aepetba.org.br\/v1\/","name":"AEPET N\u00daCLEO BAHIA","description":"Associa\u00e7\u00e3o dos Engenheiros da Petrobr\u00e1s N\u00facleo Bahia Petr\u00f3leo Bahia Salvador Nordeste ","publisher":{"@id":"https:\/\/aepetba.org.br\/v1\/#organization"},"potentialAction":[{"@type":"SearchAction","target":{"@type":"EntryPoint","urlTemplate":"https:\/\/aepetba.org.br\/v1\/?s={search_term_string}"},"query-input":"required name=search_term_string"}],"inLanguage":"pt-BR"},{"@type":"ImageObject","inLanguage":"pt-BR","@id":"https:\/\/aepetba.org.br\/v1\/#primaryimage","url":"https:\/\/s.w.org\/images\/core\/emoji\/13.1.0\/svg\/1f4a1.svg","contentUrl":"https:\/\/s.w.org\/images\/core\/emoji\/13.1.0\/svg\/1f4a1.svg"},{"@type":"WebPage","@id":"https:\/\/aepetba.org.br\/v1\/","url":"https:\/\/aepetba.org.br\/v1\/","name":"Home - AEPET N\u00daCLEO BAHIA","isPartOf":{"@id":"https:\/\/aepetba.org.br\/v1\/#website"},"primaryImageOfPage":{"@id":"https:\/\/aepetba.org.br\/v1\/#primaryimage"},"datePublished":"2018-11-29T23:36:26+00:00","dateModified":"2025-04-22T20:40:45+00:00","breadcrumb":{"@id":"https:\/\/aepetba.org.br\/v1\/#breadcrumb"},"inLanguage":"pt-BR","potentialAction":[{"@type":"ReadAction","target":["https:\/\/aepetba.org.br\/v1\/"]}]},{"@type":"BreadcrumbList","@id":"https:\/\/aepetba.org.br\/v1\/#breadcrumb","itemListElement":[{"@type":"ListItem","position":1,"name":"In\u00edcio","item":"https:\/\/aepetba.org.br\/v1\/"},{"@type":"ListItem","position":2,"name":"Home"}]}]}},"_links":{"self":[{"href":"https:\/\/aepetba.org.br\/v1\/wp-json\/wp\/v2\/pages\/33902"}],"collection":[{"href":"https:\/\/aepetba.org.br\/v1\/wp-json\/wp\/v2\/pages"}],"about":[{"href":"https:\/\/aepetba.org.br\/v1\/wp-json\/wp\/v2\/types\/page"}],"author":[{"embeddable":true,"href":"https:\/\/aepetba.org.br\/v1\/wp-json\/wp\/v2\/users\/1"}],"replies":[{"embeddable":true,"href":"https:\/\/aepetba.org.br\/v1\/wp-json\/wp\/v2\/comments?post=33902"}],"version-history":[{"count":117,"href":"https:\/\/aepetba.org.br\/v1\/wp-json\/wp\/v2\/pages\/33902\/revisions"}],"predecessor-version":[{"id":46371,"href":"https:\/\/aepetba.org.br\/v1\/wp-json\/wp\/v2\/pages\/33902\/revisions\/46371"}],"wp:attachment":[{"href":"https:\/\/aepetba.org.br\/v1\/wp-json\/wp\/v2\/media?parent=33902"}],"curies":[{"name":"wp","href":"https:\/\/api.w.org\/{rel}","templated":true}]}}