{"id":34038,"date":"2019-03-21T14:09:56","date_gmt":"2019-03-21T17:09:56","guid":{"rendered":"http:\/\/aepetba.org.br\/web\/?page_id=34038"},"modified":"2026-02-03T12:05:29","modified_gmt":"2026-02-03T15:05:29","slug":"prestacao-de-contas","status":"publish","type":"page","link":"https:\/\/aepetba.org.br\/v1\/prestacao-de-contas\/","title":{"rendered":"PRESTA\u00c7\u00c3O DE CONTAS"},"content":{"rendered":"<p>[vc_row][vc_column][vc_column_text]<\/p>\n<h3>Prezado Associado da AEPET BA,<br \/>\nCom o fim de racionalizar o envio de informa\u00e7\u00f5es, doravante, a presta\u00e7\u00e3o de contas n\u00e3o ser\u00e1 remetida para o e-mail de cada associado.\u00a0 A informa\u00e7\u00e3o ser\u00e1 publicada na aba, Presta\u00e7\u00e3o de Contas, do site:\u00a0<a href=\"http:\/\/aepetba.org.br\/\" target=\"_blank\" rel=\"noopener noreferrer\" data-saferedirecturl=\"https:\/\/www.google.com\/url?q=http:\/\/aepetba.org.br&amp;source=gmail&amp;ust=1554996807257000&amp;usg=AFQjCNG_kae8vtxK7ZMna3JBfy_A2CK5EQ\">aepetba.org.br<\/a>.<br \/>\nNo entanto, caso voce queira que lhe seja enviada a informa\u00e7\u00e3o para seu e-mail, \u00e9 s\u00f3 se manifestar:\u00a0<a href=\"mailto:bahia@aepet.org.br\" target=\"_blank\" rel=\"noopener noreferrer\">bahia@aepet.org.br<\/a>,\u00a0 ou pelo telefone, 3012-4172.<br \/>\nSua decis\u00e3o poder\u00e1 ser revista, a qualquer tempo por voc\u00ea, conforme sua conveni\u00eancia.<br \/>\nA Diretoria<\/h3>\n<p>[\/vc_column_text][vc_empty_space][vc_column_text]<\/p>\n<h3>Aqui est\u00e3o todas as Presta\u00e7\u00f5es de Contas e Demonstrativos Financeiros da AEPET-BA.<\/h3>\n<p>[\/vc_column_text][vc_empty_space][vc_column_text]<\/p>\n<h3><span style=\"color: #008000;\">2025<\/span><\/h3>\n<p>[\/vc_column_text][vc_empty_space][vc_basic_grid post_type=&#8221;post&#8221; max_items=&#8221;-1&#8243; element_width=&#8221;3&#8243; item=&#8221;33915&#8243; grid_id=&#8221;vc_gid:1770130428000-aa73b88e-319f-10&#8243; taxonomies=&#8221;435&#8243;][vc_empty_space][vc_separator color=&#8221;blue&#8221;][vc_empty_space][vc_column_text]<\/p>\n<h3><span style=\"color: #000080;\">ANOS ANTERIORES<\/span><\/h3>\n<p>[\/vc_column_text][vc_empty_space][\/vc_column][\/vc_row][vc_row][vc_column][vc_tta_tabs color=&#8221;turquoise&#8221; active_section=&#8221;1&#8243;][vc_tta_section title=&#8221;2024&#8243; tab_id=&#8221;1770130445392-49b17337-4372&#8243;][vc_column_text]<\/p>\n<h3><span style=\"color: #008000;\">2024<\/span><\/h3>\n<p>[\/vc_column_text][vc_basic_grid post_type=&#8221;post&#8221; max_items=&#8221;-1&#8243; element_width=&#8221;3&#8243; item=&#8221;33915&#8243; grid_id=&#8221;vc_gid:1770130556870-5daa096a-2d84-10&#8243; taxonomies=&#8221;434&#8243;][\/vc_tta_section][vc_tta_section title=&#8221;2023&#8243; tab_id=&#8221;1770131070971-6e7b2b3f-ee60&#8243;][vc_column_text]<\/p>\n<h3><span style=\"color: #008000;\">2023<\/span><\/h3>\n<p>[\/vc_column_text][vc_basic_grid post_type=&#8221;post&#8221; max_items=&#8221;-1&#8243; element_width=&#8221;3&#8243; item=&#8221;33915&#8243; grid_id=&#8221;vc_gid:1770131071003-4c5c699c-f9a9-4&#8243; taxonomies=&#8221;433&#8243;][\/vc_tta_section][vc_tta_section title=&#8221;2022&#8243; tab_id=&#8221;1770131042067-9ff3d1e7-8f3f&#8221;][vc_column_text]<\/p>\n<h3><span style=\"color: #008000;\">2022<\/span><\/h3>\n<p>[\/vc_column_text][vc_basic_grid post_type=&#8221;post&#8221; max_items=&#8221;-1&#8243; element_width=&#8221;3&#8243; item=&#8221;33915&#8243; grid_id=&#8221;vc_gid:1770131042090-976fd3bd-f8bd-1&#8243; taxonomies=&#8221;432&#8243;][\/vc_tta_section][vc_tta_section title=&#8221;2021&#8243; tab_id=&#8221;1770131006126-ddbc0aad-3cbe&#8221;][vc_column_text]<\/p>\n<h3><span style=\"color: #008000;\">2021<\/span><\/h3>\n<p>[\/vc_column_text][vc_basic_grid post_type=&#8221;post&#8221; max_items=&#8221;-1&#8243; element_width=&#8221;3&#8243; item=&#8221;33915&#8243; grid_id=&#8221;vc_gid:1770131006144-c597cc66-c8dc-7&#8243; taxonomies=&#8221;210&#8243;][\/vc_tta_section][vc_tta_section title=&#8221;2020&#8243; tab_id=&#8221;1616514112066-fbee265c-8b09&#8243;][vc_column_text]<\/p>\n<h3><span style=\"color: #008000;\">2020<\/span><\/h3>\n<p>[\/vc_column_text][vc_basic_grid post_type=&#8221;post&#8221; max_items=&#8221;-1&#8243; element_width=&#8221;3&#8243; item=&#8221;33915&#8243; grid_id=&#8221;vc_gid:1770130428002-2e3245ee-1433-2&#8243; taxonomies=&#8221;16&#8243;][\/vc_tta_section][vc_tta_section title=&#8221;2019&#8243; tab_id=&#8221;1616513961581-3c25c34e-1169&#8243;][vc_column_text]<\/p>\n<h3><span style=\"color: #008000;\">2019<\/span><\/h3>\n<p>[\/vc_column_text][vc_basic_grid post_type=&#8221;post&#8221; max_items=&#8221;-1&#8243; element_width=&#8221;3&#8243; item=&#8221;33915&#8243; grid_id=&#8221;vc_gid:1770130428003-44a09912-0aa6-4&#8243; taxonomies=&#8221;15&#8243;][\/vc_tta_section][vc_tta_section title=&#8221;2018&#8243; tab_id=&#8221;1616513961561-b28778a9-627f&#8221;][vc_column_text]<\/p>\n<h3><span style=\"color: #008000;\">2018<\/span><\/h3>\n<p>[\/vc_column_text][vc_basic_grid post_type=&#8221;post&#8221; max_items=&#8221;-1&#8243; element_width=&#8221;3&#8243; item=&#8221;33915&#8243; grid_id=&#8221;vc_gid:1770130428003-ca9d3a4c-e3d6-6&#8243; taxonomies=&#8221;14&#8243;][\/vc_tta_section][\/vc_tta_tabs][\/vc_column][\/vc_row]<\/p>\n","protected":false},"excerpt":{"rendered":"<p>[vc_row][vc_column][vc_column_text] Prezado Associado da AEPET BA, Com o fim de racionalizar o envio de informa\u00e7\u00f5es, doravante, a presta\u00e7\u00e3o de contas n\u00e3o ser\u00e1 remetida para o e-mail de cada associado.\u00a0 A informa\u00e7\u00e3o ser\u00e1 publicada na aba, Presta\u00e7\u00e3o de Contas, do site:\u00a0aepetba.org.br&#8230;.<\/p>\n","protected":false},"author":1,"featured_media":0,"parent":0,"menu_order":0,"comment_status":"closed","ping_status":"closed","template":"","meta":[],"yoast_head":"<!-- This site is optimized with the Yoast SEO plugin v19.3 - https:\/\/yoast.com\/wordpress\/plugins\/seo\/ -->\n<title>PRESTA\u00c7\u00c3O DE CONTAS - AEPET N\u00daCLEO BAHIA<\/title>\n<meta name=\"robots\" content=\"index, follow, max-snippet:-1, max-image-preview:large, max-video-preview:-1\" \/>\n<link rel=\"canonical\" href=\"https:\/\/aepetba.org.br\/v1\/prestacao-de-contas\/\" \/>\n<meta property=\"og:locale\" content=\"pt_BR\" \/>\n<meta property=\"og:type\" content=\"article\" \/>\n<meta property=\"og:title\" content=\"PRESTA\u00c7\u00c3O DE CONTAS - AEPET N\u00daCLEO BAHIA\" \/>\n<meta property=\"og:description\" content=\"[vc_row][vc_column][vc_column_text] Prezado Associado da AEPET BA, Com o fim de racionalizar o envio de informa\u00e7\u00f5es, doravante, a presta\u00e7\u00e3o de contas n\u00e3o ser\u00e1 remetida para o e-mail de cada associado.\u00a0 A informa\u00e7\u00e3o ser\u00e1 publicada na aba, Presta\u00e7\u00e3o de Contas, do site:\u00a0aepetba.org.br....\" \/>\n<meta property=\"og:url\" content=\"https:\/\/aepetba.org.br\/v1\/prestacao-de-contas\/\" \/>\n<meta property=\"og:site_name\" content=\"AEPET N\u00daCLEO BAHIA\" \/>\n<meta property=\"article:publisher\" content=\"https:\/\/web.facebook.com\/aepetba\" \/>\n<meta property=\"article:modified_time\" content=\"2026-02-03T15:05:29+00:00\" \/>\n<meta name=\"twitter:card\" content=\"summary_large_image\" \/>\n<meta name=\"twitter:site\" content=\"@aepetbahia\" \/>\n<meta name=\"twitter:label1\" content=\"Est. tempo de leitura\" \/>\n\t<meta name=\"twitter:data1\" content=\"1 minuto\" \/>\n<script type=\"application\/ld+json\" class=\"yoast-schema-graph\">{\"@context\":\"https:\/\/schema.org\",\"@graph\":[{\"@type\":\"Organization\",\"@id\":\"https:\/\/aepetba.org.br\/v1\/#organization\",\"name\":\"AEPET N\u00facleo Bahia\",\"url\":\"https:\/\/aepetba.org.br\/v1\/\",\"sameAs\":[\"https:\/\/www.instagram.com\/aepetbahia\/\",\"https:\/\/www.youtube.com\/c\/AEPETBAHIA\",\"https:\/\/web.facebook.com\/aepetba\",\"https:\/\/twitter.com\/aepetbahia\"],\"logo\":{\"@type\":\"ImageObject\",\"inLanguage\":\"pt-BR\",\"@id\":\"https:\/\/aepetba.org.br\/v1\/#\/schema\/logo\/image\/\",\"url\":\"https:\/\/aepetba.org.br\/v1\/wp-content\/uploads\/revslider\/home\/logo-AEPETBA.png\",\"contentUrl\":\"https:\/\/aepetba.org.br\/v1\/wp-content\/uploads\/revslider\/home\/logo-AEPETBA.png\",\"width\":297,\"height\":86,\"caption\":\"AEPET N\u00facleo Bahia\"},\"image\":{\"@id\":\"https:\/\/aepetba.org.br\/v1\/#\/schema\/logo\/image\/\"}},{\"@type\":\"WebSite\",\"@id\":\"https:\/\/aepetba.org.br\/v1\/#website\",\"url\":\"https:\/\/aepetba.org.br\/v1\/\",\"name\":\"AEPET N\u00daCLEO BAHIA\",\"description\":\"Associa\u00e7\u00e3o dos Engenheiros da Petrobr\u00e1s N\u00facleo Bahia Petr\u00f3leo Bahia Salvador Nordeste \",\"publisher\":{\"@id\":\"https:\/\/aepetba.org.br\/v1\/#organization\"},\"potentialAction\":[{\"@type\":\"SearchAction\",\"target\":{\"@type\":\"EntryPoint\",\"urlTemplate\":\"https:\/\/aepetba.org.br\/v1\/?s={search_term_string}\"},\"query-input\":\"required name=search_term_string\"}],\"inLanguage\":\"pt-BR\"},{\"@type\":\"WebPage\",\"@id\":\"https:\/\/aepetba.org.br\/v1\/prestacao-de-contas\/\",\"url\":\"https:\/\/aepetba.org.br\/v1\/prestacao-de-contas\/\",\"name\":\"PRESTA\u00c7\u00c3O DE CONTAS - AEPET N\u00daCLEO BAHIA\",\"isPartOf\":{\"@id\":\"https:\/\/aepetba.org.br\/v1\/#website\"},\"datePublished\":\"2019-03-21T17:09:56+00:00\",\"dateModified\":\"2026-02-03T15:05:29+00:00\",\"breadcrumb\":{\"@id\":\"https:\/\/aepetba.org.br\/v1\/prestacao-de-contas\/#breadcrumb\"},\"inLanguage\":\"pt-BR\",\"potentialAction\":[{\"@type\":\"ReadAction\",\"target\":[\"https:\/\/aepetba.org.br\/v1\/prestacao-de-contas\/\"]}]},{\"@type\":\"BreadcrumbList\",\"@id\":\"https:\/\/aepetba.org.br\/v1\/prestacao-de-contas\/#breadcrumb\",\"itemListElement\":[{\"@type\":\"ListItem\",\"position\":1,\"name\":\"In\u00edcio\",\"item\":\"https:\/\/aepetba.org.br\/v1\/\"},{\"@type\":\"ListItem\",\"position\":2,\"name\":\"PRESTA\u00c7\u00c3O DE CONTAS\"}]}]}<\/script>\n<!-- \/ Yoast SEO plugin. -->","yoast_head_json":{"title":"PRESTA\u00c7\u00c3O DE CONTAS - AEPET N\u00daCLEO BAHIA","robots":{"index":"index","follow":"follow","max-snippet":"max-snippet:-1","max-image-preview":"max-image-preview:large","max-video-preview":"max-video-preview:-1"},"canonical":"https:\/\/aepetba.org.br\/v1\/prestacao-de-contas\/","og_locale":"pt_BR","og_type":"article","og_title":"PRESTA\u00c7\u00c3O DE CONTAS - AEPET N\u00daCLEO BAHIA","og_description":"[vc_row][vc_column][vc_column_text] Prezado Associado da AEPET BA, Com o fim de racionalizar o envio de informa\u00e7\u00f5es, doravante, a presta\u00e7\u00e3o de contas n\u00e3o ser\u00e1 remetida para o e-mail de cada associado.\u00a0 A informa\u00e7\u00e3o ser\u00e1 publicada na aba, Presta\u00e7\u00e3o de Contas, do site:\u00a0aepetba.org.br....","og_url":"https:\/\/aepetba.org.br\/v1\/prestacao-de-contas\/","og_site_name":"AEPET N\u00daCLEO BAHIA","article_publisher":"https:\/\/web.facebook.com\/aepetba","article_modified_time":"2026-02-03T15:05:29+00:00","twitter_card":"summary_large_image","twitter_site":"@aepetbahia","twitter_misc":{"Est. tempo de leitura":"1 minuto"},"schema":{"@context":"https:\/\/schema.org","@graph":[{"@type":"Organization","@id":"https:\/\/aepetba.org.br\/v1\/#organization","name":"AEPET N\u00facleo Bahia","url":"https:\/\/aepetba.org.br\/v1\/","sameAs":["https:\/\/www.instagram.com\/aepetbahia\/","https:\/\/www.youtube.com\/c\/AEPETBAHIA","https:\/\/web.facebook.com\/aepetba","https:\/\/twitter.com\/aepetbahia"],"logo":{"@type":"ImageObject","inLanguage":"pt-BR","@id":"https:\/\/aepetba.org.br\/v1\/#\/schema\/logo\/image\/","url":"https:\/\/aepetba.org.br\/v1\/wp-content\/uploads\/revslider\/home\/logo-AEPETBA.png","contentUrl":"https:\/\/aepetba.org.br\/v1\/wp-content\/uploads\/revslider\/home\/logo-AEPETBA.png","width":297,"height":86,"caption":"AEPET N\u00facleo Bahia"},"image":{"@id":"https:\/\/aepetba.org.br\/v1\/#\/schema\/logo\/image\/"}},{"@type":"WebSite","@id":"https:\/\/aepetba.org.br\/v1\/#website","url":"https:\/\/aepetba.org.br\/v1\/","name":"AEPET N\u00daCLEO BAHIA","description":"Associa\u00e7\u00e3o dos Engenheiros da Petrobr\u00e1s N\u00facleo Bahia Petr\u00f3leo Bahia Salvador Nordeste ","publisher":{"@id":"https:\/\/aepetba.org.br\/v1\/#organization"},"potentialAction":[{"@type":"SearchAction","target":{"@type":"EntryPoint","urlTemplate":"https:\/\/aepetba.org.br\/v1\/?s={search_term_string}"},"query-input":"required name=search_term_string"}],"inLanguage":"pt-BR"},{"@type":"WebPage","@id":"https:\/\/aepetba.org.br\/v1\/prestacao-de-contas\/","url":"https:\/\/aepetba.org.br\/v1\/prestacao-de-contas\/","name":"PRESTA\u00c7\u00c3O DE CONTAS - AEPET N\u00daCLEO BAHIA","isPartOf":{"@id":"https:\/\/aepetba.org.br\/v1\/#website"},"datePublished":"2019-03-21T17:09:56+00:00","dateModified":"2026-02-03T15:05:29+00:00","breadcrumb":{"@id":"https:\/\/aepetba.org.br\/v1\/prestacao-de-contas\/#breadcrumb"},"inLanguage":"pt-BR","potentialAction":[{"@type":"ReadAction","target":["https:\/\/aepetba.org.br\/v1\/prestacao-de-contas\/"]}]},{"@type":"BreadcrumbList","@id":"https:\/\/aepetba.org.br\/v1\/prestacao-de-contas\/#breadcrumb","itemListElement":[{"@type":"ListItem","position":1,"name":"In\u00edcio","item":"https:\/\/aepetba.org.br\/v1\/"},{"@type":"ListItem","position":2,"name":"PRESTA\u00c7\u00c3O DE CONTAS"}]}]}},"_links":{"self":[{"href":"https:\/\/aepetba.org.br\/v1\/wp-json\/wp\/v2\/pages\/34038"}],"collection":[{"href":"https:\/\/aepetba.org.br\/v1\/wp-json\/wp\/v2\/pages"}],"about":[{"href":"https:\/\/aepetba.org.br\/v1\/wp-json\/wp\/v2\/types\/page"}],"author":[{"embeddable":true,"href":"https:\/\/aepetba.org.br\/v1\/wp-json\/wp\/v2\/users\/1"}],"replies":[{"embeddable":true,"href":"https:\/\/aepetba.org.br\/v1\/wp-json\/wp\/v2\/comments?post=34038"}],"version-history":[{"count":8,"href":"https:\/\/aepetba.org.br\/v1\/wp-json\/wp\/v2\/pages\/34038\/revisions"}],"predecessor-version":[{"id":47632,"href":"https:\/\/aepetba.org.br\/v1\/wp-json\/wp\/v2\/pages\/34038\/revisions\/47632"}],"wp:attachment":[{"href":"https:\/\/aepetba.org.br\/v1\/wp-json\/wp\/v2\/media?parent=34038"}],"curies":[{"name":"wp","href":"https:\/\/api.w.org\/{rel}","templated":true}]}}