{"id":35505,"date":"2021-02-11T20:08:26","date_gmt":"2021-02-11T23:08:26","guid":{"rendered":"https:\/\/aepetba.org.br\/v1\/?page_id=35505"},"modified":"2022-02-01T17:35:40","modified_gmt":"2022-02-01T20:35:40","slug":"acoes-judiciais","status":"publish","type":"page","link":"https:\/\/aepetba.org.br\/v1\/acoes-judiciais\/","title":{"rendered":"A\u00c7\u00d5ES JUDICIAIS"},"content":{"rendered":"<p>[vc_row][vc_column][vc_column_text]<\/p>\n<h2 style=\"text-align: center;\">Envie suas d\u00favidas sobre as A\u00e7\u00f5es jur\u00eddicas da AEPET-BA para nosso e-mail <a href=\"mailto:juridico@aepetba.org.br\">juridico@aepetba.org.br<\/a><\/h2>\n<p>[\/vc_column_text][vc_row_inner][vc_column_inner width=&#8221;1\/2&#8243;][vc_single_image image=&#8221;36986&#8243; img_size=&#8221;full&#8221; alignment=&#8221;center&#8221; onclick=&#8221;custom_link&#8221; link=&#8221;https:\/\/aepetba.org.br\/v1\/wp-content\/uploads\/2022\/02\/PLANILHA-DE-ACOMPANHAMENTO-DOS-PROCESSOS-DA-AEPET-BAHIA-revisao-01FEVEREIRO2022.pdf&#8221;][vc_empty_space][\/vc_column_inner][vc_column_inner width=&#8221;1\/2&#8243;][vc_single_image image=&#8221;36201&#8243; img_size=&#8221;full&#8221; alignment=&#8221;center&#8221; onclick=&#8221;custom_link&#8221; link=&#8221;https:\/\/aepetba.org.br\/v1\/politica-de-privacidade\/&#8221;][vc_empty_space][\/vc_column_inner][\/vc_row_inner][vc_row_inner][vc_column_inner][vc_column_text]<\/p>\n<h2>A\u00e7\u00e3o Civil P\u00fablica do PASEP &#8211; A\u00e7\u00e3o de Revis\u00e3o de indeniza\u00e7\u00e3o<\/h2>\n<!--[if lt IE 9]><script>document.createElement('audio');<\/script><![endif]-->\n<audio class=\"wp-audio-shortcode\" id=\"audio-35505-1\" preload=\"none\" style=\"width: 100%;\" controls=\"controls\"><source type=\"audio\/ogg\" src=\"https:\/\/aepetba.org.br\/v1\/wp-content\/uploads\/2021\/12\/Audio-PASEP.ogg?_=1\" \/><a href=\"https:\/\/aepetba.org.br\/v1\/wp-content\/uploads\/2021\/12\/Audio-PASEP.ogg\">https:\/\/aepetba.org.br\/v1\/wp-content\/uploads\/2021\/12\/Audio-PASEP.ogg<\/a><\/audio>\n<p>Ol\u00e1, associado ou associada da AEPET-BA, estamos oferecendo a voc\u00ea e \u00e0queles que desejarem, tamb\u00e9m, se associar o ajuizamento de a\u00e7\u00e3o civil p\u00fablica contra o Banco do Brasil e Uni\u00e3o Federal, com objetivo de revis\u00e3o dos \u00edndices de reajustes e atualiza\u00e7\u00e3o praticados nas contas vinculadas do PASEP, assim como os valores sacados, com o pagamento das diferen\u00e7as da\u00ed decorrentes. Se quiser saber mais entre em contato com o WhatsApp (71) 9 8356-8081, Telefone fixo (71) 3012-4172. E-mails: juridico@aepetba.org.br; bahia@aepet.org.br[\/vc_column_text][vc_zigzag color=&#8221;peacoc&#8221;][vc_empty_space][\/vc_column_inner][\/vc_row_inner][vc_basic_grid post_type=&#8221;post&#8221; max_items=&#8221;-1&#8243; element_width=&#8221;3&#8243; item=&#8221;35456&#8243; grid_id=&#8221;vc_gid:1643747697728-65354115-3b5a-3&#8243; taxonomies=&#8221;8&#8243;][\/vc_column][\/vc_row]<\/p>\n","protected":false},"excerpt":{"rendered":"<p>[vc_row][vc_column][vc_column_text] Envie suas d\u00favidas sobre as A\u00e7\u00f5es jur\u00eddicas da AEPET-BA para nosso e-mail juridico@aepetba.org.br [\/vc_column_text][vc_row_inner][vc_column_inner width=&#8221;1\/2&#8243;][vc_single_image image=&#8221;36986&#8243; img_size=&#8221;full&#8221; alignment=&#8221;center&#8221; onclick=&#8221;custom_link&#8221; link=&#8221;https:\/\/aepetba.org.br\/v1\/wp-content\/uploads\/2022\/02\/PLANILHA-DE-ACOMPANHAMENTO-DOS-PROCESSOS-DA-AEPET-BAHIA-revisao-01FEVEREIRO2022.pdf&#8221;][vc_empty_space][\/vc_column_inner][vc_column_inner width=&#8221;1\/2&#8243;][vc_single_image image=&#8221;36201&#8243; img_size=&#8221;full&#8221; alignment=&#8221;center&#8221; onclick=&#8221;custom_link&#8221; link=&#8221;https:\/\/aepetba.org.br\/v1\/politica-de-privacidade\/&#8221;][vc_empty_space][\/vc_column_inner][\/vc_row_inner][vc_row_inner][vc_column_inner][vc_column_text] A\u00e7\u00e3o Civil P\u00fablica do PASEP &#8211; A\u00e7\u00e3o de Revis\u00e3o de indeniza\u00e7\u00e3o Ol\u00e1, associado&#8230;<\/p>\n","protected":false},"author":1,"featured_media":0,"parent":0,"menu_order":0,"comment_status":"closed","ping_status":"closed","template":"","meta":[],"yoast_head":"<!-- This site is optimized with the Yoast SEO plugin v19.3 - https:\/\/yoast.com\/wordpress\/plugins\/seo\/ -->\n<title>A\u00c7\u00d5ES JUDICIAIS - AEPET N\u00daCLEO BAHIA<\/title>\n<meta name=\"robots\" content=\"index, follow, max-snippet:-1, max-image-preview:large, max-video-preview:-1\" \/>\n<link rel=\"canonical\" href=\"https:\/\/aepetba.org.br\/v1\/acoes-judiciais\/\" \/>\n<meta property=\"og:locale\" content=\"pt_BR\" \/>\n<meta property=\"og:type\" content=\"article\" \/>\n<meta property=\"og:title\" content=\"A\u00c7\u00d5ES JUDICIAIS - AEPET N\u00daCLEO BAHIA\" \/>\n<meta property=\"og:description\" content=\"[vc_row][vc_column][vc_column_text] Envie suas d\u00favidas sobre as A\u00e7\u00f5es jur\u00eddicas da AEPET-BA para nosso e-mail juridico@aepetba.org.br [\/vc_column_text][vc_row_inner][vc_column_inner width=&#8221;1\/2&#8243;][vc_single_image image=&#8221;36986&#8243; img_size=&#8221;full&#8221; alignment=&#8221;center&#8221; onclick=&#8221;custom_link&#8221; link=&#8221;https:\/\/aepetba.org.br\/v1\/wp-content\/uploads\/2022\/02\/PLANILHA-DE-ACOMPANHAMENTO-DOS-PROCESSOS-DA-AEPET-BAHIA-revisao-01FEVEREIRO2022.pdf&#8221;][vc_empty_space][\/vc_column_inner][vc_column_inner width=&#8221;1\/2&#8243;][vc_single_image image=&#8221;36201&#8243; img_size=&#8221;full&#8221; alignment=&#8221;center&#8221; onclick=&#8221;custom_link&#8221; link=&#8221;https:\/\/aepetba.org.br\/v1\/politica-de-privacidade\/&#8221;][vc_empty_space][\/vc_column_inner][\/vc_row_inner][vc_row_inner][vc_column_inner][vc_column_text] A\u00e7\u00e3o Civil P\u00fablica do PASEP &#8211; A\u00e7\u00e3o de Revis\u00e3o de indeniza\u00e7\u00e3o Ol\u00e1, associado...\" \/>\n<meta property=\"og:url\" content=\"https:\/\/aepetba.org.br\/v1\/acoes-judiciais\/\" \/>\n<meta property=\"og:site_name\" content=\"AEPET N\u00daCLEO BAHIA\" \/>\n<meta property=\"article:publisher\" content=\"https:\/\/web.facebook.com\/aepetba\" \/>\n<meta property=\"article:modified_time\" content=\"2022-02-01T20:35:40+00:00\" \/>\n<meta name=\"twitter:card\" content=\"summary_large_image\" \/>\n<meta name=\"twitter:site\" content=\"@aepetbahia\" \/>\n<meta name=\"twitter:label1\" content=\"Est. tempo de leitura\" \/>\n\t<meta name=\"twitter:data1\" content=\"1 minuto\" \/>\n<script type=\"application\/ld+json\" class=\"yoast-schema-graph\">{\"@context\":\"https:\/\/schema.org\",\"@graph\":[{\"@type\":\"Organization\",\"@id\":\"https:\/\/aepetba.org.br\/v1\/#organization\",\"name\":\"AEPET N\u00facleo Bahia\",\"url\":\"https:\/\/aepetba.org.br\/v1\/\",\"sameAs\":[\"https:\/\/www.instagram.com\/aepetbahia\/\",\"https:\/\/www.youtube.com\/c\/AEPETBAHIA\",\"https:\/\/web.facebook.com\/aepetba\",\"https:\/\/twitter.com\/aepetbahia\"],\"logo\":{\"@type\":\"ImageObject\",\"inLanguage\":\"pt-BR\",\"@id\":\"https:\/\/aepetba.org.br\/v1\/#\/schema\/logo\/image\/\",\"url\":\"https:\/\/aepetba.org.br\/v1\/wp-content\/uploads\/revslider\/home\/logo-AEPETBA.png\",\"contentUrl\":\"https:\/\/aepetba.org.br\/v1\/wp-content\/uploads\/revslider\/home\/logo-AEPETBA.png\",\"width\":297,\"height\":86,\"caption\":\"AEPET N\u00facleo Bahia\"},\"image\":{\"@id\":\"https:\/\/aepetba.org.br\/v1\/#\/schema\/logo\/image\/\"}},{\"@type\":\"WebSite\",\"@id\":\"https:\/\/aepetba.org.br\/v1\/#website\",\"url\":\"https:\/\/aepetba.org.br\/v1\/\",\"name\":\"AEPET N\u00daCLEO BAHIA\",\"description\":\"Associa\u00e7\u00e3o dos Engenheiros da Petrobr\u00e1s N\u00facleo Bahia Petr\u00f3leo Bahia Salvador Nordeste \",\"publisher\":{\"@id\":\"https:\/\/aepetba.org.br\/v1\/#organization\"},\"potentialAction\":[{\"@type\":\"SearchAction\",\"target\":{\"@type\":\"EntryPoint\",\"urlTemplate\":\"https:\/\/aepetba.org.br\/v1\/?s={search_term_string}\"},\"query-input\":\"required name=search_term_string\"}],\"inLanguage\":\"pt-BR\"},{\"@type\":\"WebPage\",\"@id\":\"https:\/\/aepetba.org.br\/v1\/acoes-judiciais\/\",\"url\":\"https:\/\/aepetba.org.br\/v1\/acoes-judiciais\/\",\"name\":\"A\u00c7\u00d5ES JUDICIAIS - AEPET N\u00daCLEO BAHIA\",\"isPartOf\":{\"@id\":\"https:\/\/aepetba.org.br\/v1\/#website\"},\"datePublished\":\"2021-02-11T23:08:26+00:00\",\"dateModified\":\"2022-02-01T20:35:40+00:00\",\"breadcrumb\":{\"@id\":\"https:\/\/aepetba.org.br\/v1\/acoes-judiciais\/#breadcrumb\"},\"inLanguage\":\"pt-BR\",\"potentialAction\":[{\"@type\":\"ReadAction\",\"target\":[\"https:\/\/aepetba.org.br\/v1\/acoes-judiciais\/\"]}]},{\"@type\":\"BreadcrumbList\",\"@id\":\"https:\/\/aepetba.org.br\/v1\/acoes-judiciais\/#breadcrumb\",\"itemListElement\":[{\"@type\":\"ListItem\",\"position\":1,\"name\":\"In\u00edcio\",\"item\":\"https:\/\/aepetba.org.br\/v1\/\"},{\"@type\":\"ListItem\",\"position\":2,\"name\":\"A\u00c7\u00d5ES JUDICIAIS\"}]}]}<\/script>\n<!-- \/ Yoast SEO plugin. -->","yoast_head_json":{"title":"A\u00c7\u00d5ES JUDICIAIS - AEPET N\u00daCLEO BAHIA","robots":{"index":"index","follow":"follow","max-snippet":"max-snippet:-1","max-image-preview":"max-image-preview:large","max-video-preview":"max-video-preview:-1"},"canonical":"https:\/\/aepetba.org.br\/v1\/acoes-judiciais\/","og_locale":"pt_BR","og_type":"article","og_title":"A\u00c7\u00d5ES JUDICIAIS - AEPET N\u00daCLEO BAHIA","og_description":"[vc_row][vc_column][vc_column_text] Envie suas d\u00favidas sobre as A\u00e7\u00f5es jur\u00eddicas da AEPET-BA para nosso e-mail juridico@aepetba.org.br [\/vc_column_text][vc_row_inner][vc_column_inner width=&#8221;1\/2&#8243;][vc_single_image image=&#8221;36986&#8243; img_size=&#8221;full&#8221; alignment=&#8221;center&#8221; onclick=&#8221;custom_link&#8221; link=&#8221;https:\/\/aepetba.org.br\/v1\/wp-content\/uploads\/2022\/02\/PLANILHA-DE-ACOMPANHAMENTO-DOS-PROCESSOS-DA-AEPET-BAHIA-revisao-01FEVEREIRO2022.pdf&#8221;][vc_empty_space][\/vc_column_inner][vc_column_inner width=&#8221;1\/2&#8243;][vc_single_image image=&#8221;36201&#8243; img_size=&#8221;full&#8221; alignment=&#8221;center&#8221; onclick=&#8221;custom_link&#8221; link=&#8221;https:\/\/aepetba.org.br\/v1\/politica-de-privacidade\/&#8221;][vc_empty_space][\/vc_column_inner][\/vc_row_inner][vc_row_inner][vc_column_inner][vc_column_text] A\u00e7\u00e3o Civil P\u00fablica do PASEP &#8211; A\u00e7\u00e3o de Revis\u00e3o de indeniza\u00e7\u00e3o Ol\u00e1, associado...","og_url":"https:\/\/aepetba.org.br\/v1\/acoes-judiciais\/","og_site_name":"AEPET N\u00daCLEO BAHIA","article_publisher":"https:\/\/web.facebook.com\/aepetba","article_modified_time":"2022-02-01T20:35:40+00:00","twitter_card":"summary_large_image","twitter_site":"@aepetbahia","twitter_misc":{"Est. tempo de leitura":"1 minuto"},"schema":{"@context":"https:\/\/schema.org","@graph":[{"@type":"Organization","@id":"https:\/\/aepetba.org.br\/v1\/#organization","name":"AEPET N\u00facleo Bahia","url":"https:\/\/aepetba.org.br\/v1\/","sameAs":["https:\/\/www.instagram.com\/aepetbahia\/","https:\/\/www.youtube.com\/c\/AEPETBAHIA","https:\/\/web.facebook.com\/aepetba","https:\/\/twitter.com\/aepetbahia"],"logo":{"@type":"ImageObject","inLanguage":"pt-BR","@id":"https:\/\/aepetba.org.br\/v1\/#\/schema\/logo\/image\/","url":"https:\/\/aepetba.org.br\/v1\/wp-content\/uploads\/revslider\/home\/logo-AEPETBA.png","contentUrl":"https:\/\/aepetba.org.br\/v1\/wp-content\/uploads\/revslider\/home\/logo-AEPETBA.png","width":297,"height":86,"caption":"AEPET N\u00facleo Bahia"},"image":{"@id":"https:\/\/aepetba.org.br\/v1\/#\/schema\/logo\/image\/"}},{"@type":"WebSite","@id":"https:\/\/aepetba.org.br\/v1\/#website","url":"https:\/\/aepetba.org.br\/v1\/","name":"AEPET N\u00daCLEO BAHIA","description":"Associa\u00e7\u00e3o dos Engenheiros da Petrobr\u00e1s N\u00facleo Bahia Petr\u00f3leo Bahia Salvador Nordeste ","publisher":{"@id":"https:\/\/aepetba.org.br\/v1\/#organization"},"potentialAction":[{"@type":"SearchAction","target":{"@type":"EntryPoint","urlTemplate":"https:\/\/aepetba.org.br\/v1\/?s={search_term_string}"},"query-input":"required name=search_term_string"}],"inLanguage":"pt-BR"},{"@type":"WebPage","@id":"https:\/\/aepetba.org.br\/v1\/acoes-judiciais\/","url":"https:\/\/aepetba.org.br\/v1\/acoes-judiciais\/","name":"A\u00c7\u00d5ES JUDICIAIS - AEPET N\u00daCLEO BAHIA","isPartOf":{"@id":"https:\/\/aepetba.org.br\/v1\/#website"},"datePublished":"2021-02-11T23:08:26+00:00","dateModified":"2022-02-01T20:35:40+00:00","breadcrumb":{"@id":"https:\/\/aepetba.org.br\/v1\/acoes-judiciais\/#breadcrumb"},"inLanguage":"pt-BR","potentialAction":[{"@type":"ReadAction","target":["https:\/\/aepetba.org.br\/v1\/acoes-judiciais\/"]}]},{"@type":"BreadcrumbList","@id":"https:\/\/aepetba.org.br\/v1\/acoes-judiciais\/#breadcrumb","itemListElement":[{"@type":"ListItem","position":1,"name":"In\u00edcio","item":"https:\/\/aepetba.org.br\/v1\/"},{"@type":"ListItem","position":2,"name":"A\u00c7\u00d5ES JUDICIAIS"}]}]}},"_links":{"self":[{"href":"https:\/\/aepetba.org.br\/v1\/wp-json\/wp\/v2\/pages\/35505"}],"collection":[{"href":"https:\/\/aepetba.org.br\/v1\/wp-json\/wp\/v2\/pages"}],"about":[{"href":"https:\/\/aepetba.org.br\/v1\/wp-json\/wp\/v2\/types\/page"}],"author":[{"embeddable":true,"href":"https:\/\/aepetba.org.br\/v1\/wp-json\/wp\/v2\/users\/1"}],"replies":[{"embeddable":true,"href":"https:\/\/aepetba.org.br\/v1\/wp-json\/wp\/v2\/comments?post=35505"}],"version-history":[{"count":18,"href":"https:\/\/aepetba.org.br\/v1\/wp-json\/wp\/v2\/pages\/35505\/revisions"}],"predecessor-version":[{"id":37440,"href":"https:\/\/aepetba.org.br\/v1\/wp-json\/wp\/v2\/pages\/35505\/revisions\/37440"}],"wp:attachment":[{"href":"https:\/\/aepetba.org.br\/v1\/wp-json\/wp\/v2\/media?parent=35505"}],"curies":[{"name":"wp","href":"https:\/\/api.w.org\/{rel}","templated":true}]}}