{"id":35683,"date":"2021-03-23T12:09:05","date_gmt":"2021-03-23T15:09:05","guid":{"rendered":"https:\/\/aepetba.org.br\/v1\/?page_id=35683"},"modified":"2021-03-23T12:10:09","modified_gmt":"2021-03-23T15:10:09","slug":"historico","status":"publish","type":"page","link":"https:\/\/aepetba.org.br\/v1\/historico\/","title":{"rendered":"FUNDA\u00c7\u00c3O DA AEPET"},"content":{"rendered":"<p>A Associa\u00e7\u00e3o dos Engenheiros da Petrobr\u00e1s \u2013 AEPET \u2013 \u00e9 uma sociedade sem fins lucrativos, fundada em 1961. Originalmente, chamou-se Associa\u00e7\u00e3o dos Engenheiros da Petrobr\u00e1s nos Estados do Rio de Janeiro e da Guanabara (AEPERG).<\/p>\n<p>Entre os seus objetivos estatut\u00e1rios est\u00e3o a defesa do monop\u00f3lio estatal do petr\u00f3leo, da PETROBR\u00c1S \u2013 como sua \u00fanica executora \u2013 e do seu corpo t\u00e9cnico. A AEPET compreende que o setor petr\u00f3leo \u2013 pelo seu expressivo significado econ\u00f4mico e tecnol\u00f3gico \u2013 deve ser um indutor do desenvolvimento nacional. Dentre outras linhas, atrav\u00e9s de investimentos na forma\u00e7\u00e3o de especialistas, na aquisi\u00e7\u00e3o de bens e servi\u00e7os no Pa\u00eds e na promo\u00e7\u00e3o de pesquisas, inclusive de suced\u00e2neos para os derivados de petr\u00f3leo.<\/p>\n<p>Pelas caracter\u00edsticas da economia mundial, a AEPET tamb\u00e9m compreende que a Petrobr\u00e1s deve se fortalecer como uma empresa de energia.<\/p>\n<p>Entretanto, a a\u00e7\u00e3o que o governo brasileiro imprime no setor do petr\u00f3leo permitindo, e at\u00e9 mesmo estimulando a venda no exterior desse bem produzido no Brasil, n\u00e3o leva em conta que as reservas nacionais s\u00e3o relativamente modestas e n\u00e3o h\u00e1 perspectivas geol\u00f3gicas de que sejam ampliadas significativamente. Todos sabemos que o petr\u00f3leo \u00e9 um produto n\u00e3o renov\u00e1vel, cujo consumo em breve ultrapassar\u00e1 a produ\u00e7\u00e3o mundial, levando o seu pre\u00e7o \u00e0s alturas. Ante a espantosa inc\u00faria governamental cabe a todos brasileiros retornar ao lema \u201cO Petr\u00f3leo \u00e9 Nosso!\u201d.<\/p>\n<p>Em linhas gerais constitui uma das preocupa\u00e7\u00f5es da AEPET mobilizar e unir as organiza\u00e7\u00f5es que buscam a soberania plena e a independ\u00eancia econ\u00f4mica brasileira dentro de um regime democr\u00e1tico e com justi\u00e7a social.<\/p>\n","protected":false},"excerpt":{"rendered":"<p>A Associa\u00e7\u00e3o dos Engenheiros da Petrobr\u00e1s \u2013 AEPET \u2013 \u00e9 uma sociedade sem fins lucrativos, fundada em 1961. Originalmente, chamou-se Associa\u00e7\u00e3o dos Engenheiros da Petrobr\u00e1s nos Estados do Rio de Janeiro e da Guanabara (AEPERG). Entre os seus objetivos estatut\u00e1rios&#8230;<\/p>\n","protected":false},"author":1,"featured_media":0,"parent":0,"menu_order":0,"comment_status":"closed","ping_status":"closed","template":"","meta":[],"yoast_head":"<!-- This site is optimized with the Yoast SEO plugin v19.3 - https:\/\/yoast.com\/wordpress\/plugins\/seo\/ -->\n<title>FUNDA\u00c7\u00c3O DA AEPET - AEPET N\u00daCLEO BAHIA<\/title>\n<meta name=\"robots\" content=\"index, follow, max-snippet:-1, max-image-preview:large, max-video-preview:-1\" \/>\n<link rel=\"canonical\" href=\"https:\/\/aepetba.org.br\/v1\/historico\/\" \/>\n<meta property=\"og:locale\" content=\"pt_BR\" \/>\n<meta property=\"og:type\" content=\"article\" \/>\n<meta property=\"og:title\" content=\"FUNDA\u00c7\u00c3O DA AEPET - AEPET N\u00daCLEO BAHIA\" \/>\n<meta property=\"og:description\" content=\"A Associa\u00e7\u00e3o dos Engenheiros da Petrobr\u00e1s \u2013 AEPET \u2013 \u00e9 uma sociedade sem fins lucrativos, fundada em 1961. Originalmente, chamou-se Associa\u00e7\u00e3o dos Engenheiros da Petrobr\u00e1s nos Estados do Rio de Janeiro e da Guanabara (AEPERG). Entre os seus objetivos estatut\u00e1rios...\" \/>\n<meta property=\"og:url\" content=\"https:\/\/aepetba.org.br\/v1\/historico\/\" \/>\n<meta property=\"og:site_name\" content=\"AEPET N\u00daCLEO BAHIA\" \/>\n<meta property=\"article:publisher\" content=\"https:\/\/web.facebook.com\/aepetba\" \/>\n<meta property=\"article:modified_time\" content=\"2021-03-23T15:10:09+00:00\" \/>\n<meta name=\"twitter:card\" content=\"summary_large_image\" \/>\n<meta name=\"twitter:site\" content=\"@aepetbahia\" \/>\n<meta name=\"twitter:label1\" content=\"Est. tempo de leitura\" \/>\n\t<meta name=\"twitter:data1\" content=\"1 minuto\" \/>\n<script type=\"application\/ld+json\" class=\"yoast-schema-graph\">{\"@context\":\"https:\/\/schema.org\",\"@graph\":[{\"@type\":\"Organization\",\"@id\":\"https:\/\/aepetba.org.br\/v1\/#organization\",\"name\":\"AEPET N\u00facleo Bahia\",\"url\":\"https:\/\/aepetba.org.br\/v1\/\",\"sameAs\":[\"https:\/\/www.instagram.com\/aepetbahia\/\",\"https:\/\/www.youtube.com\/c\/AEPETBAHIA\",\"https:\/\/web.facebook.com\/aepetba\",\"https:\/\/twitter.com\/aepetbahia\"],\"logo\":{\"@type\":\"ImageObject\",\"inLanguage\":\"pt-BR\",\"@id\":\"https:\/\/aepetba.org.br\/v1\/#\/schema\/logo\/image\/\",\"url\":\"https:\/\/aepetba.org.br\/v1\/wp-content\/uploads\/revslider\/home\/logo-AEPETBA.png\",\"contentUrl\":\"https:\/\/aepetba.org.br\/v1\/wp-content\/uploads\/revslider\/home\/logo-AEPETBA.png\",\"width\":297,\"height\":86,\"caption\":\"AEPET N\u00facleo Bahia\"},\"image\":{\"@id\":\"https:\/\/aepetba.org.br\/v1\/#\/schema\/logo\/image\/\"}},{\"@type\":\"WebSite\",\"@id\":\"https:\/\/aepetba.org.br\/v1\/#website\",\"url\":\"https:\/\/aepetba.org.br\/v1\/\",\"name\":\"AEPET N\u00daCLEO BAHIA\",\"description\":\"Associa\u00e7\u00e3o dos Engenheiros da Petrobr\u00e1s N\u00facleo Bahia Petr\u00f3leo Bahia Salvador Nordeste \",\"publisher\":{\"@id\":\"https:\/\/aepetba.org.br\/v1\/#organization\"},\"potentialAction\":[{\"@type\":\"SearchAction\",\"target\":{\"@type\":\"EntryPoint\",\"urlTemplate\":\"https:\/\/aepetba.org.br\/v1\/?s={search_term_string}\"},\"query-input\":\"required name=search_term_string\"}],\"inLanguage\":\"pt-BR\"},{\"@type\":\"WebPage\",\"@id\":\"https:\/\/aepetba.org.br\/v1\/historico\/\",\"url\":\"https:\/\/aepetba.org.br\/v1\/historico\/\",\"name\":\"FUNDA\u00c7\u00c3O DA AEPET - AEPET N\u00daCLEO BAHIA\",\"isPartOf\":{\"@id\":\"https:\/\/aepetba.org.br\/v1\/#website\"},\"datePublished\":\"2021-03-23T15:09:05+00:00\",\"dateModified\":\"2021-03-23T15:10:09+00:00\",\"breadcrumb\":{\"@id\":\"https:\/\/aepetba.org.br\/v1\/historico\/#breadcrumb\"},\"inLanguage\":\"pt-BR\",\"potentialAction\":[{\"@type\":\"ReadAction\",\"target\":[\"https:\/\/aepetba.org.br\/v1\/historico\/\"]}]},{\"@type\":\"BreadcrumbList\",\"@id\":\"https:\/\/aepetba.org.br\/v1\/historico\/#breadcrumb\",\"itemListElement\":[{\"@type\":\"ListItem\",\"position\":1,\"name\":\"In\u00edcio\",\"item\":\"https:\/\/aepetba.org.br\/v1\/\"},{\"@type\":\"ListItem\",\"position\":2,\"name\":\"FUNDA\u00c7\u00c3O DA AEPET\"}]}]}<\/script>\n<!-- \/ Yoast SEO plugin. -->","yoast_head_json":{"title":"FUNDA\u00c7\u00c3O DA AEPET - AEPET N\u00daCLEO BAHIA","robots":{"index":"index","follow":"follow","max-snippet":"max-snippet:-1","max-image-preview":"max-image-preview:large","max-video-preview":"max-video-preview:-1"},"canonical":"https:\/\/aepetba.org.br\/v1\/historico\/","og_locale":"pt_BR","og_type":"article","og_title":"FUNDA\u00c7\u00c3O DA AEPET - AEPET N\u00daCLEO BAHIA","og_description":"A Associa\u00e7\u00e3o dos Engenheiros da Petrobr\u00e1s \u2013 AEPET \u2013 \u00e9 uma sociedade sem fins lucrativos, fundada em 1961. Originalmente, chamou-se Associa\u00e7\u00e3o dos Engenheiros da Petrobr\u00e1s nos Estados do Rio de Janeiro e da Guanabara (AEPERG). Entre os seus objetivos estatut\u00e1rios...","og_url":"https:\/\/aepetba.org.br\/v1\/historico\/","og_site_name":"AEPET N\u00daCLEO BAHIA","article_publisher":"https:\/\/web.facebook.com\/aepetba","article_modified_time":"2021-03-23T15:10:09+00:00","twitter_card":"summary_large_image","twitter_site":"@aepetbahia","twitter_misc":{"Est. tempo de leitura":"1 minuto"},"schema":{"@context":"https:\/\/schema.org","@graph":[{"@type":"Organization","@id":"https:\/\/aepetba.org.br\/v1\/#organization","name":"AEPET N\u00facleo Bahia","url":"https:\/\/aepetba.org.br\/v1\/","sameAs":["https:\/\/www.instagram.com\/aepetbahia\/","https:\/\/www.youtube.com\/c\/AEPETBAHIA","https:\/\/web.facebook.com\/aepetba","https:\/\/twitter.com\/aepetbahia"],"logo":{"@type":"ImageObject","inLanguage":"pt-BR","@id":"https:\/\/aepetba.org.br\/v1\/#\/schema\/logo\/image\/","url":"https:\/\/aepetba.org.br\/v1\/wp-content\/uploads\/revslider\/home\/logo-AEPETBA.png","contentUrl":"https:\/\/aepetba.org.br\/v1\/wp-content\/uploads\/revslider\/home\/logo-AEPETBA.png","width":297,"height":86,"caption":"AEPET N\u00facleo Bahia"},"image":{"@id":"https:\/\/aepetba.org.br\/v1\/#\/schema\/logo\/image\/"}},{"@type":"WebSite","@id":"https:\/\/aepetba.org.br\/v1\/#website","url":"https:\/\/aepetba.org.br\/v1\/","name":"AEPET N\u00daCLEO BAHIA","description":"Associa\u00e7\u00e3o dos Engenheiros da Petrobr\u00e1s N\u00facleo Bahia Petr\u00f3leo Bahia Salvador Nordeste ","publisher":{"@id":"https:\/\/aepetba.org.br\/v1\/#organization"},"potentialAction":[{"@type":"SearchAction","target":{"@type":"EntryPoint","urlTemplate":"https:\/\/aepetba.org.br\/v1\/?s={search_term_string}"},"query-input":"required name=search_term_string"}],"inLanguage":"pt-BR"},{"@type":"WebPage","@id":"https:\/\/aepetba.org.br\/v1\/historico\/","url":"https:\/\/aepetba.org.br\/v1\/historico\/","name":"FUNDA\u00c7\u00c3O DA AEPET - AEPET N\u00daCLEO BAHIA","isPartOf":{"@id":"https:\/\/aepetba.org.br\/v1\/#website"},"datePublished":"2021-03-23T15:09:05+00:00","dateModified":"2021-03-23T15:10:09+00:00","breadcrumb":{"@id":"https:\/\/aepetba.org.br\/v1\/historico\/#breadcrumb"},"inLanguage":"pt-BR","potentialAction":[{"@type":"ReadAction","target":["https:\/\/aepetba.org.br\/v1\/historico\/"]}]},{"@type":"BreadcrumbList","@id":"https:\/\/aepetba.org.br\/v1\/historico\/#breadcrumb","itemListElement":[{"@type":"ListItem","position":1,"name":"In\u00edcio","item":"https:\/\/aepetba.org.br\/v1\/"},{"@type":"ListItem","position":2,"name":"FUNDA\u00c7\u00c3O DA AEPET"}]}]}},"_links":{"self":[{"href":"https:\/\/aepetba.org.br\/v1\/wp-json\/wp\/v2\/pages\/35683"}],"collection":[{"href":"https:\/\/aepetba.org.br\/v1\/wp-json\/wp\/v2\/pages"}],"about":[{"href":"https:\/\/aepetba.org.br\/v1\/wp-json\/wp\/v2\/types\/page"}],"author":[{"embeddable":true,"href":"https:\/\/aepetba.org.br\/v1\/wp-json\/wp\/v2\/users\/1"}],"replies":[{"embeddable":true,"href":"https:\/\/aepetba.org.br\/v1\/wp-json\/wp\/v2\/comments?post=35683"}],"version-history":[{"count":2,"href":"https:\/\/aepetba.org.br\/v1\/wp-json\/wp\/v2\/pages\/35683\/revisions"}],"predecessor-version":[{"id":35685,"href":"https:\/\/aepetba.org.br\/v1\/wp-json\/wp\/v2\/pages\/35683\/revisions\/35685"}],"wp:attachment":[{"href":"https:\/\/aepetba.org.br\/v1\/wp-json\/wp\/v2\/media?parent=35683"}],"curies":[{"name":"wp","href":"https:\/\/api.w.org\/{rel}","templated":true}]}}