{"id":35687,"date":"2021-03-23T12:14:20","date_gmt":"2021-03-23T15:14:20","guid":{"rendered":"https:\/\/aepetba.org.br\/v1\/?page_id=35687"},"modified":"2021-05-03T10:51:25","modified_gmt":"2021-05-03T13:51:25","slug":"coluna-do-associado","status":"publish","type":"page","link":"https:\/\/aepetba.org.br\/v1\/coluna-do-associado\/","title":{"rendered":"COLUNA DO ASSOCIADO"},"content":{"rendered":"<p>[vc_row][vc_column][vc_column_text]<\/p>\n<h1>CONVITE<\/h1>\n<p>Prezado (a) senhor (a)<\/p>\n<p>A diretoria de Comunica\u00e7\u00e3o da AEPET-BA tem v\u00e1rias propostas para promover a intera\u00e7\u00e3o entre os associados e a entidade. Temos realizado v\u00e1rios eventos online e as nossas redes sociais est\u00e3o atualizadas com temas de interesse tanto dos associados, como da categoria petroleira.<\/p>\n<p>Baseada nessa nova pol\u00edtica de comunica\u00e7\u00e3o, democr\u00e1tica, com maior intera\u00e7\u00e3o com os associados temos a honra de convid\u00e1-lo a participar como colunista, levando em considera\u00e7\u00e3o seu conhecimento t\u00e9cnico e a relevante contribui\u00e7\u00e3o na sua condi\u00e7\u00e3o de empregado da Petrobr\u00e1s.<\/p>\n<p>O assunto a ser tratado ser\u00e1 de livre escolha, mas sempre respeitando os objetivos do estatuto da AEPET-BA. Por isso, devem os temas est\u00e3o relacionados aos interesses da categoria petroleira, \u00e0 Petrobr\u00e1s, ao setor energ\u00e9tico, \u00e0 cadeia produtiva da empresa, ao processo de privatiza\u00e7\u00e3o, AMS, Petros, etc. Tamb\u00e9m podem ser tratados temas de interesse da sociedade, mas dentro da tem\u00e1tica da matriz energ\u00e9tica.<\/p>\n<p>Os artigos dever\u00e3o ser encaminhados via e-mail <a href=\"mailto:editorial@aepetba.org.br\">editorial@aepetba.org.br<\/a> tendo no m\u00e1ximo duas laudas. Os textos ser\u00e3o de exclusiva responsabilidade dos autores. \u00c9 interessante, tamb\u00e9m, incluir uma fotografia pequena (3&#215;4) e um pequeno curr\u00edculo.<\/p>\n<p><strong>\u00c9rika Grisi<\/strong><\/p>\n<p>Diretora de Comunica\u00e7\u00e3o da AEPET-BA[\/vc_column_text][vc_empty_space][\/vc_column][\/vc_row][vc_row][vc_column][vc_basic_grid post_type=&#8221;post&#8221; max_items=&#8221;10&#8243; item=&#8221;33915&#8243; grid_id=&#8221;vc_gid:1620048837367-8f5d54d7-bba0-2&#8243; taxonomies=&#8221;266&#8243;][\/vc_column][\/vc_row]<\/p>\n","protected":false},"excerpt":{"rendered":"<p>[vc_row][vc_column][vc_column_text] CONVITE Prezado (a) senhor (a) A diretoria de Comunica\u00e7\u00e3o da AEPET-BA tem v\u00e1rias propostas para promover a intera\u00e7\u00e3o entre os associados e a entidade. Temos realizado v\u00e1rios eventos online e as nossas redes sociais est\u00e3o atualizadas com temas de&#8230;<\/p>\n","protected":false},"author":1,"featured_media":0,"parent":0,"menu_order":0,"comment_status":"closed","ping_status":"closed","template":"","meta":[],"yoast_head":"<!-- This site is optimized with the Yoast SEO plugin v19.3 - https:\/\/yoast.com\/wordpress\/plugins\/seo\/ -->\n<title>COLUNA DO ASSOCIADO - AEPET N\u00daCLEO BAHIA<\/title>\n<meta name=\"robots\" content=\"index, follow, max-snippet:-1, max-image-preview:large, max-video-preview:-1\" \/>\n<link rel=\"canonical\" href=\"https:\/\/aepetba.org.br\/v1\/coluna-do-associado\/\" \/>\n<meta property=\"og:locale\" content=\"pt_BR\" \/>\n<meta property=\"og:type\" content=\"article\" \/>\n<meta property=\"og:title\" content=\"COLUNA DO ASSOCIADO - AEPET N\u00daCLEO BAHIA\" \/>\n<meta property=\"og:description\" content=\"[vc_row][vc_column][vc_column_text] CONVITE Prezado (a) senhor (a) A diretoria de Comunica\u00e7\u00e3o da AEPET-BA tem v\u00e1rias propostas para promover a intera\u00e7\u00e3o entre os associados e a entidade. Temos realizado v\u00e1rios eventos online e as nossas redes sociais est\u00e3o atualizadas com temas de...\" \/>\n<meta property=\"og:url\" content=\"https:\/\/aepetba.org.br\/v1\/coluna-do-associado\/\" \/>\n<meta property=\"og:site_name\" content=\"AEPET N\u00daCLEO BAHIA\" \/>\n<meta property=\"article:publisher\" content=\"https:\/\/web.facebook.com\/aepetba\" \/>\n<meta property=\"article:modified_time\" content=\"2021-05-03T13:51:25+00:00\" \/>\n<meta name=\"twitter:card\" content=\"summary_large_image\" \/>\n<meta name=\"twitter:site\" content=\"@aepetbahia\" \/>\n<meta name=\"twitter:label1\" content=\"Est. tempo de leitura\" \/>\n\t<meta name=\"twitter:data1\" content=\"1 minuto\" \/>\n<script type=\"application\/ld+json\" class=\"yoast-schema-graph\">{\"@context\":\"https:\/\/schema.org\",\"@graph\":[{\"@type\":\"Organization\",\"@id\":\"https:\/\/aepetba.org.br\/v1\/#organization\",\"name\":\"AEPET N\u00facleo Bahia\",\"url\":\"https:\/\/aepetba.org.br\/v1\/\",\"sameAs\":[\"https:\/\/www.instagram.com\/aepetbahia\/\",\"https:\/\/www.youtube.com\/c\/AEPETBAHIA\",\"https:\/\/web.facebook.com\/aepetba\",\"https:\/\/twitter.com\/aepetbahia\"],\"logo\":{\"@type\":\"ImageObject\",\"inLanguage\":\"pt-BR\",\"@id\":\"https:\/\/aepetba.org.br\/v1\/#\/schema\/logo\/image\/\",\"url\":\"https:\/\/aepetba.org.br\/v1\/wp-content\/uploads\/revslider\/home\/logo-AEPETBA.png\",\"contentUrl\":\"https:\/\/aepetba.org.br\/v1\/wp-content\/uploads\/revslider\/home\/logo-AEPETBA.png\",\"width\":297,\"height\":86,\"caption\":\"AEPET N\u00facleo Bahia\"},\"image\":{\"@id\":\"https:\/\/aepetba.org.br\/v1\/#\/schema\/logo\/image\/\"}},{\"@type\":\"WebSite\",\"@id\":\"https:\/\/aepetba.org.br\/v1\/#website\",\"url\":\"https:\/\/aepetba.org.br\/v1\/\",\"name\":\"AEPET N\u00daCLEO BAHIA\",\"description\":\"Associa\u00e7\u00e3o dos Engenheiros da Petrobr\u00e1s N\u00facleo Bahia Petr\u00f3leo Bahia Salvador Nordeste \",\"publisher\":{\"@id\":\"https:\/\/aepetba.org.br\/v1\/#organization\"},\"potentialAction\":[{\"@type\":\"SearchAction\",\"target\":{\"@type\":\"EntryPoint\",\"urlTemplate\":\"https:\/\/aepetba.org.br\/v1\/?s={search_term_string}\"},\"query-input\":\"required name=search_term_string\"}],\"inLanguage\":\"pt-BR\"},{\"@type\":\"WebPage\",\"@id\":\"https:\/\/aepetba.org.br\/v1\/coluna-do-associado\/\",\"url\":\"https:\/\/aepetba.org.br\/v1\/coluna-do-associado\/\",\"name\":\"COLUNA DO ASSOCIADO - AEPET N\u00daCLEO BAHIA\",\"isPartOf\":{\"@id\":\"https:\/\/aepetba.org.br\/v1\/#website\"},\"datePublished\":\"2021-03-23T15:14:20+00:00\",\"dateModified\":\"2021-05-03T13:51:25+00:00\",\"breadcrumb\":{\"@id\":\"https:\/\/aepetba.org.br\/v1\/coluna-do-associado\/#breadcrumb\"},\"inLanguage\":\"pt-BR\",\"potentialAction\":[{\"@type\":\"ReadAction\",\"target\":[\"https:\/\/aepetba.org.br\/v1\/coluna-do-associado\/\"]}]},{\"@type\":\"BreadcrumbList\",\"@id\":\"https:\/\/aepetba.org.br\/v1\/coluna-do-associado\/#breadcrumb\",\"itemListElement\":[{\"@type\":\"ListItem\",\"position\":1,\"name\":\"In\u00edcio\",\"item\":\"https:\/\/aepetba.org.br\/v1\/\"},{\"@type\":\"ListItem\",\"position\":2,\"name\":\"COLUNA DO ASSOCIADO\"}]}]}<\/script>\n<!-- \/ Yoast SEO plugin. -->","yoast_head_json":{"title":"COLUNA DO ASSOCIADO - AEPET N\u00daCLEO BAHIA","robots":{"index":"index","follow":"follow","max-snippet":"max-snippet:-1","max-image-preview":"max-image-preview:large","max-video-preview":"max-video-preview:-1"},"canonical":"https:\/\/aepetba.org.br\/v1\/coluna-do-associado\/","og_locale":"pt_BR","og_type":"article","og_title":"COLUNA DO ASSOCIADO - AEPET N\u00daCLEO BAHIA","og_description":"[vc_row][vc_column][vc_column_text] CONVITE Prezado (a) senhor (a) A diretoria de Comunica\u00e7\u00e3o da AEPET-BA tem v\u00e1rias propostas para promover a intera\u00e7\u00e3o entre os associados e a entidade. Temos realizado v\u00e1rios eventos online e as nossas redes sociais est\u00e3o atualizadas com temas de...","og_url":"https:\/\/aepetba.org.br\/v1\/coluna-do-associado\/","og_site_name":"AEPET N\u00daCLEO BAHIA","article_publisher":"https:\/\/web.facebook.com\/aepetba","article_modified_time":"2021-05-03T13:51:25+00:00","twitter_card":"summary_large_image","twitter_site":"@aepetbahia","twitter_misc":{"Est. tempo de leitura":"1 minuto"},"schema":{"@context":"https:\/\/schema.org","@graph":[{"@type":"Organization","@id":"https:\/\/aepetba.org.br\/v1\/#organization","name":"AEPET N\u00facleo Bahia","url":"https:\/\/aepetba.org.br\/v1\/","sameAs":["https:\/\/www.instagram.com\/aepetbahia\/","https:\/\/www.youtube.com\/c\/AEPETBAHIA","https:\/\/web.facebook.com\/aepetba","https:\/\/twitter.com\/aepetbahia"],"logo":{"@type":"ImageObject","inLanguage":"pt-BR","@id":"https:\/\/aepetba.org.br\/v1\/#\/schema\/logo\/image\/","url":"https:\/\/aepetba.org.br\/v1\/wp-content\/uploads\/revslider\/home\/logo-AEPETBA.png","contentUrl":"https:\/\/aepetba.org.br\/v1\/wp-content\/uploads\/revslider\/home\/logo-AEPETBA.png","width":297,"height":86,"caption":"AEPET N\u00facleo Bahia"},"image":{"@id":"https:\/\/aepetba.org.br\/v1\/#\/schema\/logo\/image\/"}},{"@type":"WebSite","@id":"https:\/\/aepetba.org.br\/v1\/#website","url":"https:\/\/aepetba.org.br\/v1\/","name":"AEPET N\u00daCLEO BAHIA","description":"Associa\u00e7\u00e3o dos Engenheiros da Petrobr\u00e1s N\u00facleo Bahia Petr\u00f3leo Bahia Salvador Nordeste ","publisher":{"@id":"https:\/\/aepetba.org.br\/v1\/#organization"},"potentialAction":[{"@type":"SearchAction","target":{"@type":"EntryPoint","urlTemplate":"https:\/\/aepetba.org.br\/v1\/?s={search_term_string}"},"query-input":"required name=search_term_string"}],"inLanguage":"pt-BR"},{"@type":"WebPage","@id":"https:\/\/aepetba.org.br\/v1\/coluna-do-associado\/","url":"https:\/\/aepetba.org.br\/v1\/coluna-do-associado\/","name":"COLUNA DO ASSOCIADO - AEPET N\u00daCLEO BAHIA","isPartOf":{"@id":"https:\/\/aepetba.org.br\/v1\/#website"},"datePublished":"2021-03-23T15:14:20+00:00","dateModified":"2021-05-03T13:51:25+00:00","breadcrumb":{"@id":"https:\/\/aepetba.org.br\/v1\/coluna-do-associado\/#breadcrumb"},"inLanguage":"pt-BR","potentialAction":[{"@type":"ReadAction","target":["https:\/\/aepetba.org.br\/v1\/coluna-do-associado\/"]}]},{"@type":"BreadcrumbList","@id":"https:\/\/aepetba.org.br\/v1\/coluna-do-associado\/#breadcrumb","itemListElement":[{"@type":"ListItem","position":1,"name":"In\u00edcio","item":"https:\/\/aepetba.org.br\/v1\/"},{"@type":"ListItem","position":2,"name":"COLUNA DO ASSOCIADO"}]}]}},"_links":{"self":[{"href":"https:\/\/aepetba.org.br\/v1\/wp-json\/wp\/v2\/pages\/35687"}],"collection":[{"href":"https:\/\/aepetba.org.br\/v1\/wp-json\/wp\/v2\/pages"}],"about":[{"href":"https:\/\/aepetba.org.br\/v1\/wp-json\/wp\/v2\/types\/page"}],"author":[{"embeddable":true,"href":"https:\/\/aepetba.org.br\/v1\/wp-json\/wp\/v2\/users\/1"}],"replies":[{"embeddable":true,"href":"https:\/\/aepetba.org.br\/v1\/wp-json\/wp\/v2\/comments?post=35687"}],"version-history":[{"count":4,"href":"https:\/\/aepetba.org.br\/v1\/wp-json\/wp\/v2\/pages\/35687\/revisions"}],"predecessor-version":[{"id":35912,"href":"https:\/\/aepetba.org.br\/v1\/wp-json\/wp\/v2\/pages\/35687\/revisions\/35912"}],"wp:attachment":[{"href":"https:\/\/aepetba.org.br\/v1\/wp-json\/wp\/v2\/media?parent=35687"}],"curies":[{"name":"wp","href":"https:\/\/api.w.org\/{rel}","templated":true}]}}