{"id":36121,"date":"2021-06-15T14:39:54","date_gmt":"2021-06-15T17:39:54","guid":{"rendered":"https:\/\/aepetba.org.br\/v1\/?page_id=36121"},"modified":"2021-06-18T15:00:38","modified_gmt":"2021-06-18T18:00:38","slug":"autorizacao","status":"publish","type":"page","link":"https:\/\/aepetba.org.br\/v1\/autorizacao\/","title":{"rendered":"AUTORIZA\u00c7\u00d5ES"},"content":{"rendered":"<p>[vc_row][vc_column][vc_column_text]<\/p>\n<h2 style=\"text-align: center;\">Fa\u00e7a o download das Autoriza\u00e7\u00f5es, preencha com seus dados, assine, digitalize e envie como anexo para o e-mail <a href=\"mailto:juridico@aepetba.org.br\" target=\"_blank\" rel=\"noopener noreferrer\">juridico@aepetba.org.br<\/a><\/h2>\n<p style=\"text-align: center;\">Cliquei para baixar!<\/p>\n<h2 style=\"text-align: center;\"><strong><a href=\"https:\/\/aepetba.org.br\/v1\/wp-content\/uploads\/2021\/06\/AUTORIZACAO-TAB-1.pdf\" target=\"_blank\" rel=\"noopener noreferrer\">AUTORIZA\u00c7\u00c3O TAB 1 &#8211; de a\u00e7\u00e3o civil p\u00fablica contra a PETROBRAS postulando nulidade das altera\u00e7\u00f5es do regulamento interno para os empregados lotados no Ed. TORRE PITUBA e a inaplicabilidade do novo regulamento para os novos empregados, tamb\u00e9m do Ed. TORRE PITUBA, admitidos antes da referida altera\u00e7\u00e3o<\/a><\/strong><\/h2>\n<p>&nbsp;<\/p>\n<h2 style=\"text-align: center;\"><strong><a href=\"https:\/\/aepetba.org.br\/v1\/wp-content\/uploads\/2021\/06\/AUTORIZACAO-TAB-2.pdf\" target=\"_blank\" rel=\"noopener noreferrer\">AUTORIZA\u00c7\u00c3O TAB 2 &#8211; de a\u00e7\u00e3o civil p\u00fablica requerendo a condena\u00e7\u00e3o da Petrobr\u00e1s por pr\u00e1tica de ass\u00e9dio moral coletivo, requerendo ainda determina\u00e7\u00e3o judicial para que a mesma se abstenha de continuar a praticar ass\u00e9dio moral coletivo e organizacional contra os empregados lotados no Ed. Torre Pituba, al\u00e9m da condena\u00e7\u00e3o da empresa a indenizar aos empregados submetidos ao terror psicol\u00f3gico<\/a><\/strong><\/h2>\n<p>&nbsp;<\/p>\n<h2 style=\"text-align: center;\"><strong><a href=\"https:\/\/aepetba.org.br\/v1\/wp-content\/uploads\/2021\/06\/AUTORIZACAO-TAB-3.pdf\" target=\"_blank\" rel=\"noopener noreferrer\">AUTORIZA\u00c7\u00c3O TAB 3 &#8211; de a\u00e7\u00e3o civil p\u00fablica contra a PETROBRAS em favor dos seus associados para requerer a manuten\u00e7\u00e3o dos empregados lotados no Ed. TORRE PITUBA no Estado da Bahia ou em regime de teletrabalho nos cinco dias da semana em que sempre trabalharam<\/a><\/strong><\/h2>\n<p>&nbsp;<\/p>\n<h2 style=\"text-align: center;\"><strong><a href=\"https:\/\/aepetba.org.br\/v1\/wp-content\/uploads\/2021\/06\/AUTORIZACAO-FGTS.pdf\" target=\"_blank\" rel=\"noopener noreferrer\">AUTORIZA\u00c7\u00c3O FGTS &#8211; de a\u00e7\u00e3o civil p\u00fablica pleiteando a corre\u00e7\u00e3o monet\u00e1ria dos saldos das contas vinculadas do FGTS, com aplica\u00e7\u00e3o do IPCA ou INPC retroativamente ao ano de 1999 e outras provid\u00eancias judiciais e extrajudiciais para o sucesso dessa a\u00e7\u00e3o<\/a><\/strong><\/h2>\n<p>[\/vc_column_text][vc_empty_space][vc_column_text]Ao declarar que concorda com as Autoriza\u00e7\u00f5es e o Termo de Consentimento, o Titular (s\u00f3cio) consente que a AEPET-BA, em conformidade com a Lei 13.709 (LGPD) e com a sua Pol\u00edtica de Privacidade, adote procedimentos referentes ao tratamento dos dados pessoais fornecidos por meio da inscri\u00e7\u00e3o como s\u00f3cio ativo ou aposentado. O Tratamento de Dados Pessoais, abrangem v\u00e1rias metodologias tais como: coleta, produ\u00e7\u00e3o, recep\u00e7\u00e3o, classifica\u00e7\u00e3o, utiliza\u00e7\u00e3o, acesso, reprodu\u00e7\u00e3o, transmiss\u00e3o, distribui\u00e7\u00e3o, processamento, arquivamento, armazenamento, elimina\u00e7\u00e3o, avalia\u00e7\u00e3o ou controle da informa\u00e7\u00e3o, modifica\u00e7\u00e3o, comunica\u00e7\u00e3o, transfer\u00eancia, difus\u00e3o ou extra\u00e7\u00e3o. O Termo de Consentimento para Tratamento de Dados Pessoais na integra e a <a href=\"https:\/\/aepetba.org.br\/v1\/politica-de-privacidade-2\/\"><strong>POL\u00cdTICA DE PRIVACIDADE DA AEPET-BA<\/strong><\/a> encontram-se dispon\u00edveis no site: <a href=\"https:\/\/aepetba.org.br\">https:\/\/aepetba.org.br<\/a>. Este consentimento pode ser revogado a qualquer momento mediante manifesta\u00e7\u00e3o expressa do titular por correspond\u00eancia ou para o e-mail: <a href=\"mailto:juridico@aepetba.org.br\">juridico@aepetba.org.br<\/a>.[\/vc_column_text][\/vc_column][\/vc_row]<\/p>\n","protected":false},"excerpt":{"rendered":"<p>[vc_row][vc_column][vc_column_text] Fa\u00e7a o download das Autoriza\u00e7\u00f5es, preencha com seus dados, assine, digitalize e envie como anexo para o e-mail juridico@aepetba.org.br Cliquei para baixar! AUTORIZA\u00c7\u00c3O TAB 1 &#8211; de a\u00e7\u00e3o civil p\u00fablica contra a PETROBRAS postulando nulidade das altera\u00e7\u00f5es do regulamento&#8230;<\/p>\n","protected":false},"author":1,"featured_media":0,"parent":0,"menu_order":0,"comment_status":"closed","ping_status":"closed","template":"","meta":[],"yoast_head":"<!-- This site is optimized with the Yoast SEO plugin v19.3 - https:\/\/yoast.com\/wordpress\/plugins\/seo\/ -->\n<title>AUTORIZA\u00c7\u00d5ES - AEPET N\u00daCLEO BAHIA<\/title>\n<meta name=\"robots\" content=\"index, follow, max-snippet:-1, max-image-preview:large, max-video-preview:-1\" \/>\n<link rel=\"canonical\" href=\"https:\/\/aepetba.org.br\/v1\/autorizacao\/\" \/>\n<meta property=\"og:locale\" content=\"pt_BR\" \/>\n<meta property=\"og:type\" content=\"article\" \/>\n<meta property=\"og:title\" content=\"AUTORIZA\u00c7\u00d5ES - AEPET N\u00daCLEO BAHIA\" \/>\n<meta property=\"og:description\" content=\"[vc_row][vc_column][vc_column_text] Fa\u00e7a o download das Autoriza\u00e7\u00f5es, preencha com seus dados, assine, digitalize e envie como anexo para o e-mail juridico@aepetba.org.br Cliquei para baixar! AUTORIZA\u00c7\u00c3O TAB 1 &#8211; de a\u00e7\u00e3o civil p\u00fablica contra a PETROBRAS postulando nulidade das altera\u00e7\u00f5es do regulamento...\" \/>\n<meta property=\"og:url\" content=\"https:\/\/aepetba.org.br\/v1\/autorizacao\/\" \/>\n<meta property=\"og:site_name\" content=\"AEPET N\u00daCLEO BAHIA\" \/>\n<meta property=\"article:publisher\" content=\"https:\/\/web.facebook.com\/aepetba\" \/>\n<meta property=\"article:modified_time\" content=\"2021-06-18T18:00:38+00:00\" \/>\n<meta name=\"twitter:card\" content=\"summary_large_image\" \/>\n<meta name=\"twitter:site\" content=\"@aepetbahia\" \/>\n<meta name=\"twitter:label1\" content=\"Est. tempo de leitura\" \/>\n\t<meta name=\"twitter:data1\" content=\"2 minutos\" \/>\n<script type=\"application\/ld+json\" class=\"yoast-schema-graph\">{\"@context\":\"https:\/\/schema.org\",\"@graph\":[{\"@type\":\"Organization\",\"@id\":\"https:\/\/aepetba.org.br\/v1\/#organization\",\"name\":\"AEPET N\u00facleo Bahia\",\"url\":\"https:\/\/aepetba.org.br\/v1\/\",\"sameAs\":[\"https:\/\/www.instagram.com\/aepetbahia\/\",\"https:\/\/www.youtube.com\/c\/AEPETBAHIA\",\"https:\/\/web.facebook.com\/aepetba\",\"https:\/\/twitter.com\/aepetbahia\"],\"logo\":{\"@type\":\"ImageObject\",\"inLanguage\":\"pt-BR\",\"@id\":\"https:\/\/aepetba.org.br\/v1\/#\/schema\/logo\/image\/\",\"url\":\"https:\/\/aepetba.org.br\/v1\/wp-content\/uploads\/revslider\/home\/logo-AEPETBA.png\",\"contentUrl\":\"https:\/\/aepetba.org.br\/v1\/wp-content\/uploads\/revslider\/home\/logo-AEPETBA.png\",\"width\":297,\"height\":86,\"caption\":\"AEPET N\u00facleo Bahia\"},\"image\":{\"@id\":\"https:\/\/aepetba.org.br\/v1\/#\/schema\/logo\/image\/\"}},{\"@type\":\"WebSite\",\"@id\":\"https:\/\/aepetba.org.br\/v1\/#website\",\"url\":\"https:\/\/aepetba.org.br\/v1\/\",\"name\":\"AEPET N\u00daCLEO BAHIA\",\"description\":\"Associa\u00e7\u00e3o dos Engenheiros da Petrobr\u00e1s N\u00facleo Bahia Petr\u00f3leo Bahia Salvador Nordeste \",\"publisher\":{\"@id\":\"https:\/\/aepetba.org.br\/v1\/#organization\"},\"potentialAction\":[{\"@type\":\"SearchAction\",\"target\":{\"@type\":\"EntryPoint\",\"urlTemplate\":\"https:\/\/aepetba.org.br\/v1\/?s={search_term_string}\"},\"query-input\":\"required name=search_term_string\"}],\"inLanguage\":\"pt-BR\"},{\"@type\":\"WebPage\",\"@id\":\"https:\/\/aepetba.org.br\/v1\/autorizacao\/\",\"url\":\"https:\/\/aepetba.org.br\/v1\/autorizacao\/\",\"name\":\"AUTORIZA\u00c7\u00d5ES - AEPET N\u00daCLEO BAHIA\",\"isPartOf\":{\"@id\":\"https:\/\/aepetba.org.br\/v1\/#website\"},\"datePublished\":\"2021-06-15T17:39:54+00:00\",\"dateModified\":\"2021-06-18T18:00:38+00:00\",\"breadcrumb\":{\"@id\":\"https:\/\/aepetba.org.br\/v1\/autorizacao\/#breadcrumb\"},\"inLanguage\":\"pt-BR\",\"potentialAction\":[{\"@type\":\"ReadAction\",\"target\":[\"https:\/\/aepetba.org.br\/v1\/autorizacao\/\"]}]},{\"@type\":\"BreadcrumbList\",\"@id\":\"https:\/\/aepetba.org.br\/v1\/autorizacao\/#breadcrumb\",\"itemListElement\":[{\"@type\":\"ListItem\",\"position\":1,\"name\":\"In\u00edcio\",\"item\":\"https:\/\/aepetba.org.br\/v1\/\"},{\"@type\":\"ListItem\",\"position\":2,\"name\":\"AUTORIZA\u00c7\u00d5ES\"}]}]}<\/script>\n<!-- \/ Yoast SEO plugin. -->","yoast_head_json":{"title":"AUTORIZA\u00c7\u00d5ES - AEPET N\u00daCLEO BAHIA","robots":{"index":"index","follow":"follow","max-snippet":"max-snippet:-1","max-image-preview":"max-image-preview:large","max-video-preview":"max-video-preview:-1"},"canonical":"https:\/\/aepetba.org.br\/v1\/autorizacao\/","og_locale":"pt_BR","og_type":"article","og_title":"AUTORIZA\u00c7\u00d5ES - AEPET N\u00daCLEO BAHIA","og_description":"[vc_row][vc_column][vc_column_text] Fa\u00e7a o download das Autoriza\u00e7\u00f5es, preencha com seus dados, assine, digitalize e envie como anexo para o e-mail juridico@aepetba.org.br Cliquei para baixar! AUTORIZA\u00c7\u00c3O TAB 1 &#8211; de a\u00e7\u00e3o civil p\u00fablica contra a PETROBRAS postulando nulidade das altera\u00e7\u00f5es do regulamento...","og_url":"https:\/\/aepetba.org.br\/v1\/autorizacao\/","og_site_name":"AEPET N\u00daCLEO BAHIA","article_publisher":"https:\/\/web.facebook.com\/aepetba","article_modified_time":"2021-06-18T18:00:38+00:00","twitter_card":"summary_large_image","twitter_site":"@aepetbahia","twitter_misc":{"Est. tempo de leitura":"2 minutos"},"schema":{"@context":"https:\/\/schema.org","@graph":[{"@type":"Organization","@id":"https:\/\/aepetba.org.br\/v1\/#organization","name":"AEPET N\u00facleo Bahia","url":"https:\/\/aepetba.org.br\/v1\/","sameAs":["https:\/\/www.instagram.com\/aepetbahia\/","https:\/\/www.youtube.com\/c\/AEPETBAHIA","https:\/\/web.facebook.com\/aepetba","https:\/\/twitter.com\/aepetbahia"],"logo":{"@type":"ImageObject","inLanguage":"pt-BR","@id":"https:\/\/aepetba.org.br\/v1\/#\/schema\/logo\/image\/","url":"https:\/\/aepetba.org.br\/v1\/wp-content\/uploads\/revslider\/home\/logo-AEPETBA.png","contentUrl":"https:\/\/aepetba.org.br\/v1\/wp-content\/uploads\/revslider\/home\/logo-AEPETBA.png","width":297,"height":86,"caption":"AEPET N\u00facleo Bahia"},"image":{"@id":"https:\/\/aepetba.org.br\/v1\/#\/schema\/logo\/image\/"}},{"@type":"WebSite","@id":"https:\/\/aepetba.org.br\/v1\/#website","url":"https:\/\/aepetba.org.br\/v1\/","name":"AEPET N\u00daCLEO BAHIA","description":"Associa\u00e7\u00e3o dos Engenheiros da Petrobr\u00e1s N\u00facleo Bahia Petr\u00f3leo Bahia Salvador Nordeste ","publisher":{"@id":"https:\/\/aepetba.org.br\/v1\/#organization"},"potentialAction":[{"@type":"SearchAction","target":{"@type":"EntryPoint","urlTemplate":"https:\/\/aepetba.org.br\/v1\/?s={search_term_string}"},"query-input":"required name=search_term_string"}],"inLanguage":"pt-BR"},{"@type":"WebPage","@id":"https:\/\/aepetba.org.br\/v1\/autorizacao\/","url":"https:\/\/aepetba.org.br\/v1\/autorizacao\/","name":"AUTORIZA\u00c7\u00d5ES - AEPET N\u00daCLEO BAHIA","isPartOf":{"@id":"https:\/\/aepetba.org.br\/v1\/#website"},"datePublished":"2021-06-15T17:39:54+00:00","dateModified":"2021-06-18T18:00:38+00:00","breadcrumb":{"@id":"https:\/\/aepetba.org.br\/v1\/autorizacao\/#breadcrumb"},"inLanguage":"pt-BR","potentialAction":[{"@type":"ReadAction","target":["https:\/\/aepetba.org.br\/v1\/autorizacao\/"]}]},{"@type":"BreadcrumbList","@id":"https:\/\/aepetba.org.br\/v1\/autorizacao\/#breadcrumb","itemListElement":[{"@type":"ListItem","position":1,"name":"In\u00edcio","item":"https:\/\/aepetba.org.br\/v1\/"},{"@type":"ListItem","position":2,"name":"AUTORIZA\u00c7\u00d5ES"}]}]}},"_links":{"self":[{"href":"https:\/\/aepetba.org.br\/v1\/wp-json\/wp\/v2\/pages\/36121"}],"collection":[{"href":"https:\/\/aepetba.org.br\/v1\/wp-json\/wp\/v2\/pages"}],"about":[{"href":"https:\/\/aepetba.org.br\/v1\/wp-json\/wp\/v2\/types\/page"}],"author":[{"embeddable":true,"href":"https:\/\/aepetba.org.br\/v1\/wp-json\/wp\/v2\/users\/1"}],"replies":[{"embeddable":true,"href":"https:\/\/aepetba.org.br\/v1\/wp-json\/wp\/v2\/comments?post=36121"}],"version-history":[{"count":8,"href":"https:\/\/aepetba.org.br\/v1\/wp-json\/wp\/v2\/pages\/36121\/revisions"}],"predecessor-version":[{"id":36185,"href":"https:\/\/aepetba.org.br\/v1\/wp-json\/wp\/v2\/pages\/36121\/revisions\/36185"}],"wp:attachment":[{"href":"https:\/\/aepetba.org.br\/v1\/wp-json\/wp\/v2\/media?parent=36121"}],"curies":[{"name":"wp","href":"https:\/\/api.w.org\/{rel}","templated":true}]}}