{"id":36408,"date":"2021-07-21T18:00:51","date_gmt":"2021-07-21T21:00:51","guid":{"rendered":"https:\/\/aepetba.org.br\/v1\/?page_id=36408"},"modified":"2021-07-21T18:11:08","modified_gmt":"2021-07-21T21:11:08","slug":"termo-de-consentimento-mpt","status":"publish","type":"page","link":"https:\/\/aepetba.org.br\/v1\/termo-de-consentimento-mpt\/","title":{"rendered":"TERMO DE CONSENTIMENTO MPT"},"content":{"rendered":"<p>[vc_row][vc_column][vc_column_text]O <strong>titular (empregado ativo)<\/strong> consente e concorda no tratamento de seus dados sens\u00edveis e pessoais apresentados em seus depoimentos, relatos e demais informa\u00e7\u00f5es coletadas pela AEPET-BA que comprovem o descumprimento do Acordo Judicial com o Minist\u00e9rio P\u00fablico do Trabalho \u2013 convertidos na TRANSA\u00c7\u00c3O JUDICIAL GLOBAL CELEBRADA ENTRE O MINIST\u00c9RIO P\u00daBLICO DO TRABALHO E PETROBRAS NOS AUTOS DA TUTELA CAUTELAR ANTECEDENTE N\u00ba 0000673-48.2019.5.05.0006. Da mesma forma, autoriza, tamb\u00e9m, o Minist\u00e9rio P\u00fablico do Trabalho e o Centro Estadual de Refer\u00eancia em Sa\u00fade do Trabalhador \u2013 CESAT para utiliza\u00e7\u00e3o dessas informa\u00e7\u00f5es. Mantendo o sigilo e o anonimato da fonte como preconiza a LGPD.<\/p>\n<p>O termo registra a manifesta\u00e7\u00e3o livre, inequ\u00edvoca e consciente do titular.[\/vc_column_text][vc_empty_space]<div role=\"form\" class=\"wpcf7\" id=\"wpcf7-f36407-o1\" lang=\"pt-BR\" dir=\"ltr\">\n<div class=\"screen-reader-response\"><p role=\"status\" aria-live=\"polite\" aria-atomic=\"true\"><\/p> <ul><\/ul><\/div>\n<form action=\"\/v1\/wp-json\/wp\/v2\/pages\/36408#wpcf7-f36407-o1\" method=\"post\" class=\"wpcf7-form init\" novalidate=\"novalidate\" data-status=\"init\">\n<div style=\"display: none;\">\n<input type=\"hidden\" name=\"_wpcf7\" value=\"36407\" \/>\n<input type=\"hidden\" name=\"_wpcf7_version\" value=\"5.5.6\" \/>\n<input type=\"hidden\" name=\"_wpcf7_locale\" value=\"pt_BR\" \/>\n<input type=\"hidden\" name=\"_wpcf7_unit_tag\" value=\"wpcf7-f36407-o1\" \/>\n<input type=\"hidden\" name=\"_wpcf7_container_post\" value=\"0\" \/>\n<input type=\"hidden\" name=\"_wpcf7_posted_data_hash\" value=\"\" \/>\n<input type=\"hidden\" name=\"_wpcf7_recaptcha_response\" value=\"\" \/>\n<\/div>\n<p><label> Seu nome (obrigat\u00f3rio)<br \/>\n    <span class=\"wpcf7-form-control-wrap nome-consentimento\"><input type=\"text\" name=\"nome-consentimento\" value=\"\" size=\"40\" class=\"wpcf7-form-control wpcf7-text wpcf7-validates-as-required\" aria-required=\"true\" aria-invalid=\"false\" \/><\/span> <\/label><\/p>\n<p><label> Seu e-mail (obrigat\u00f3rio)<br \/>\n    <span class=\"wpcf7-form-control-wrap email-consentimento\"><input type=\"email\" name=\"email-consentimento\" value=\"\" size=\"40\" class=\"wpcf7-form-control wpcf7-text wpcf7-email wpcf7-validates-as-required wpcf7-validates-as-email\" aria-required=\"true\" aria-invalid=\"false\" \/><\/span> <\/label><\/p>\n<p><label> Celular<br \/>\n    <span class=\"wpcf7-form-control-wrap celular-consentimento\"><input type=\"tel\" name=\"celular-consentimento\" value=\"\" size=\"40\" class=\"wpcf7-form-control wpcf7-text wpcf7-tel wpcf7-validates-as-required wpcf7-validates-as-tel\" aria-required=\"true\" aria-invalid=\"false\" \/><\/span> <\/label><\/p>\n<p><label> Sua resposta (obrigat\u00f3rio)<br \/>\n    <span class=\"wpcf7-form-control-wrap radio-consentimento\"><span class=\"wpcf7-form-control wpcf7-radio\"><span class=\"wpcf7-list-item first\"><label><input type=\"radio\" name=\"radio-consentimento\" value=\"1. Concordo com o Termo de Consentimento\" \/><span class=\"wpcf7-list-item-label\">1. Concordo com o Termo de Consentimento<\/span><\/label><\/span><span class=\"wpcf7-list-item last\"><label><input type=\"radio\" name=\"radio-consentimento\" value=\"2. N\u00e3o concordo com o Termo de Consentimento\" \/><span class=\"wpcf7-list-item-label\">2. N\u00e3o concordo com o Termo de Consentimento<\/span><\/label><\/span><\/span><\/span> <\/label><\/p>\n<p><input type=\"submit\" value=\"Enviar\" class=\"wpcf7-form-control has-spinner wpcf7-submit\" \/><\/p>\n<div class=\"wpcf7-response-output\" aria-hidden=\"true\"><\/div><\/form><\/div>[vc_column_text]<strong>Termo elaborado com base na LEI 13.709\/18 (LEI GERAL DE PROTE\u00c7\u00c3O DE DADOS PESSOAIS &#8211; LGPD).\u00a0<\/strong>[\/vc_column_text][\/vc_column][\/vc_row]<\/p>\n","protected":false},"excerpt":{"rendered":"<p>[vc_row][vc_column][vc_column_text]O titular (empregado ativo) consente e concorda no tratamento de seus dados sens\u00edveis e pessoais apresentados em seus depoimentos, relatos e demais informa\u00e7\u00f5es coletadas pela AEPET-BA que comprovem o descumprimento do Acordo Judicial com o Minist\u00e9rio P\u00fablico do Trabalho \u2013&#8230;<\/p>\n","protected":false},"author":1,"featured_media":0,"parent":0,"menu_order":0,"comment_status":"closed","ping_status":"closed","template":"","meta":[],"yoast_head":"<!-- This site is optimized with the Yoast SEO plugin v19.3 - https:\/\/yoast.com\/wordpress\/plugins\/seo\/ -->\n<title>TERMO DE CONSENTIMENTO MPT - AEPET N\u00daCLEO BAHIA<\/title>\n<meta name=\"robots\" content=\"index, follow, max-snippet:-1, max-image-preview:large, max-video-preview:-1\" \/>\n<link rel=\"canonical\" href=\"https:\/\/aepetba.org.br\/v1\/termo-de-consentimento-mpt\/\" \/>\n<meta property=\"og:locale\" content=\"pt_BR\" \/>\n<meta property=\"og:type\" content=\"article\" \/>\n<meta property=\"og:title\" content=\"TERMO DE CONSENTIMENTO MPT - AEPET N\u00daCLEO BAHIA\" \/>\n<meta property=\"og:description\" content=\"[vc_row][vc_column][vc_column_text]O titular (empregado ativo) consente e concorda no tratamento de seus dados sens\u00edveis e pessoais apresentados em seus depoimentos, relatos e demais informa\u00e7\u00f5es coletadas pela AEPET-BA que comprovem o descumprimento do Acordo Judicial com o Minist\u00e9rio P\u00fablico do Trabalho \u2013...\" \/>\n<meta property=\"og:url\" content=\"https:\/\/aepetba.org.br\/v1\/termo-de-consentimento-mpt\/\" \/>\n<meta property=\"og:site_name\" content=\"AEPET N\u00daCLEO BAHIA\" \/>\n<meta property=\"article:publisher\" content=\"https:\/\/web.facebook.com\/aepetba\" \/>\n<meta property=\"article:modified_time\" content=\"2021-07-21T21:11:08+00:00\" \/>\n<meta name=\"twitter:card\" content=\"summary_large_image\" \/>\n<meta name=\"twitter:site\" content=\"@aepetbahia\" \/>\n<meta name=\"twitter:label1\" content=\"Est. tempo de leitura\" \/>\n\t<meta name=\"twitter:data1\" content=\"1 minuto\" \/>\n<script type=\"application\/ld+json\" class=\"yoast-schema-graph\">{\"@context\":\"https:\/\/schema.org\",\"@graph\":[{\"@type\":\"Organization\",\"@id\":\"https:\/\/aepetba.org.br\/v1\/#organization\",\"name\":\"AEPET N\u00facleo Bahia\",\"url\":\"https:\/\/aepetba.org.br\/v1\/\",\"sameAs\":[\"https:\/\/www.instagram.com\/aepetbahia\/\",\"https:\/\/www.youtube.com\/c\/AEPETBAHIA\",\"https:\/\/web.facebook.com\/aepetba\",\"https:\/\/twitter.com\/aepetbahia\"],\"logo\":{\"@type\":\"ImageObject\",\"inLanguage\":\"pt-BR\",\"@id\":\"https:\/\/aepetba.org.br\/v1\/#\/schema\/logo\/image\/\",\"url\":\"https:\/\/aepetba.org.br\/v1\/wp-content\/uploads\/revslider\/home\/logo-AEPETBA.png\",\"contentUrl\":\"https:\/\/aepetba.org.br\/v1\/wp-content\/uploads\/revslider\/home\/logo-AEPETBA.png\",\"width\":297,\"height\":86,\"caption\":\"AEPET N\u00facleo Bahia\"},\"image\":{\"@id\":\"https:\/\/aepetba.org.br\/v1\/#\/schema\/logo\/image\/\"}},{\"@type\":\"WebSite\",\"@id\":\"https:\/\/aepetba.org.br\/v1\/#website\",\"url\":\"https:\/\/aepetba.org.br\/v1\/\",\"name\":\"AEPET N\u00daCLEO BAHIA\",\"description\":\"Associa\u00e7\u00e3o dos Engenheiros da Petrobr\u00e1s N\u00facleo Bahia Petr\u00f3leo Bahia Salvador Nordeste \",\"publisher\":{\"@id\":\"https:\/\/aepetba.org.br\/v1\/#organization\"},\"potentialAction\":[{\"@type\":\"SearchAction\",\"target\":{\"@type\":\"EntryPoint\",\"urlTemplate\":\"https:\/\/aepetba.org.br\/v1\/?s={search_term_string}\"},\"query-input\":\"required name=search_term_string\"}],\"inLanguage\":\"pt-BR\"},{\"@type\":\"WebPage\",\"@id\":\"https:\/\/aepetba.org.br\/v1\/termo-de-consentimento-mpt\/\",\"url\":\"https:\/\/aepetba.org.br\/v1\/termo-de-consentimento-mpt\/\",\"name\":\"TERMO DE CONSENTIMENTO MPT - AEPET N\u00daCLEO BAHIA\",\"isPartOf\":{\"@id\":\"https:\/\/aepetba.org.br\/v1\/#website\"},\"datePublished\":\"2021-07-21T21:00:51+00:00\",\"dateModified\":\"2021-07-21T21:11:08+00:00\",\"breadcrumb\":{\"@id\":\"https:\/\/aepetba.org.br\/v1\/termo-de-consentimento-mpt\/#breadcrumb\"},\"inLanguage\":\"pt-BR\",\"potentialAction\":[{\"@type\":\"ReadAction\",\"target\":[\"https:\/\/aepetba.org.br\/v1\/termo-de-consentimento-mpt\/\"]}]},{\"@type\":\"BreadcrumbList\",\"@id\":\"https:\/\/aepetba.org.br\/v1\/termo-de-consentimento-mpt\/#breadcrumb\",\"itemListElement\":[{\"@type\":\"ListItem\",\"position\":1,\"name\":\"In\u00edcio\",\"item\":\"https:\/\/aepetba.org.br\/v1\/\"},{\"@type\":\"ListItem\",\"position\":2,\"name\":\"TERMO DE CONSENTIMENTO MPT\"}]}]}<\/script>\n<!-- \/ Yoast SEO plugin. -->","yoast_head_json":{"title":"TERMO DE CONSENTIMENTO MPT - AEPET N\u00daCLEO BAHIA","robots":{"index":"index","follow":"follow","max-snippet":"max-snippet:-1","max-image-preview":"max-image-preview:large","max-video-preview":"max-video-preview:-1"},"canonical":"https:\/\/aepetba.org.br\/v1\/termo-de-consentimento-mpt\/","og_locale":"pt_BR","og_type":"article","og_title":"TERMO DE CONSENTIMENTO MPT - AEPET N\u00daCLEO BAHIA","og_description":"[vc_row][vc_column][vc_column_text]O titular (empregado ativo) consente e concorda no tratamento de seus dados sens\u00edveis e pessoais apresentados em seus depoimentos, relatos e demais informa\u00e7\u00f5es coletadas pela AEPET-BA que comprovem o descumprimento do Acordo Judicial com o Minist\u00e9rio P\u00fablico do Trabalho \u2013...","og_url":"https:\/\/aepetba.org.br\/v1\/termo-de-consentimento-mpt\/","og_site_name":"AEPET N\u00daCLEO BAHIA","article_publisher":"https:\/\/web.facebook.com\/aepetba","article_modified_time":"2021-07-21T21:11:08+00:00","twitter_card":"summary_large_image","twitter_site":"@aepetbahia","twitter_misc":{"Est. tempo de leitura":"1 minuto"},"schema":{"@context":"https:\/\/schema.org","@graph":[{"@type":"Organization","@id":"https:\/\/aepetba.org.br\/v1\/#organization","name":"AEPET N\u00facleo Bahia","url":"https:\/\/aepetba.org.br\/v1\/","sameAs":["https:\/\/www.instagram.com\/aepetbahia\/","https:\/\/www.youtube.com\/c\/AEPETBAHIA","https:\/\/web.facebook.com\/aepetba","https:\/\/twitter.com\/aepetbahia"],"logo":{"@type":"ImageObject","inLanguage":"pt-BR","@id":"https:\/\/aepetba.org.br\/v1\/#\/schema\/logo\/image\/","url":"https:\/\/aepetba.org.br\/v1\/wp-content\/uploads\/revslider\/home\/logo-AEPETBA.png","contentUrl":"https:\/\/aepetba.org.br\/v1\/wp-content\/uploads\/revslider\/home\/logo-AEPETBA.png","width":297,"height":86,"caption":"AEPET N\u00facleo Bahia"},"image":{"@id":"https:\/\/aepetba.org.br\/v1\/#\/schema\/logo\/image\/"}},{"@type":"WebSite","@id":"https:\/\/aepetba.org.br\/v1\/#website","url":"https:\/\/aepetba.org.br\/v1\/","name":"AEPET N\u00daCLEO BAHIA","description":"Associa\u00e7\u00e3o dos Engenheiros da Petrobr\u00e1s N\u00facleo Bahia Petr\u00f3leo Bahia Salvador Nordeste ","publisher":{"@id":"https:\/\/aepetba.org.br\/v1\/#organization"},"potentialAction":[{"@type":"SearchAction","target":{"@type":"EntryPoint","urlTemplate":"https:\/\/aepetba.org.br\/v1\/?s={search_term_string}"},"query-input":"required name=search_term_string"}],"inLanguage":"pt-BR"},{"@type":"WebPage","@id":"https:\/\/aepetba.org.br\/v1\/termo-de-consentimento-mpt\/","url":"https:\/\/aepetba.org.br\/v1\/termo-de-consentimento-mpt\/","name":"TERMO DE CONSENTIMENTO MPT - AEPET N\u00daCLEO BAHIA","isPartOf":{"@id":"https:\/\/aepetba.org.br\/v1\/#website"},"datePublished":"2021-07-21T21:00:51+00:00","dateModified":"2021-07-21T21:11:08+00:00","breadcrumb":{"@id":"https:\/\/aepetba.org.br\/v1\/termo-de-consentimento-mpt\/#breadcrumb"},"inLanguage":"pt-BR","potentialAction":[{"@type":"ReadAction","target":["https:\/\/aepetba.org.br\/v1\/termo-de-consentimento-mpt\/"]}]},{"@type":"BreadcrumbList","@id":"https:\/\/aepetba.org.br\/v1\/termo-de-consentimento-mpt\/#breadcrumb","itemListElement":[{"@type":"ListItem","position":1,"name":"In\u00edcio","item":"https:\/\/aepetba.org.br\/v1\/"},{"@type":"ListItem","position":2,"name":"TERMO DE CONSENTIMENTO MPT"}]}]}},"_links":{"self":[{"href":"https:\/\/aepetba.org.br\/v1\/wp-json\/wp\/v2\/pages\/36408"}],"collection":[{"href":"https:\/\/aepetba.org.br\/v1\/wp-json\/wp\/v2\/pages"}],"about":[{"href":"https:\/\/aepetba.org.br\/v1\/wp-json\/wp\/v2\/types\/page"}],"author":[{"embeddable":true,"href":"https:\/\/aepetba.org.br\/v1\/wp-json\/wp\/v2\/users\/1"}],"replies":[{"embeddable":true,"href":"https:\/\/aepetba.org.br\/v1\/wp-json\/wp\/v2\/comments?post=36408"}],"version-history":[{"count":2,"href":"https:\/\/aepetba.org.br\/v1\/wp-json\/wp\/v2\/pages\/36408\/revisions"}],"predecessor-version":[{"id":36410,"href":"https:\/\/aepetba.org.br\/v1\/wp-json\/wp\/v2\/pages\/36408\/revisions\/36410"}],"wp:attachment":[{"href":"https:\/\/aepetba.org.br\/v1\/wp-json\/wp\/v2\/media?parent=36408"}],"curies":[{"name":"wp","href":"https:\/\/api.w.org\/{rel}","templated":true}]}}