{"id":41472,"date":"2023-07-25T19:11:01","date_gmt":"2023-07-25T22:11:01","guid":{"rendered":"https:\/\/aepetba.org.br\/v1\/?page_id=41472"},"modified":"2023-07-27T18:57:04","modified_gmt":"2023-07-27T21:57:04","slug":"monitoramento-de-precos-no-brasil","status":"publish","type":"page","link":"https:\/\/aepetba.org.br\/v1\/monitoramento-de-precos-no-brasil\/","title":{"rendered":"Monitoramento de Pre\u00e7os no Brasil"},"content":{"rendered":"<p>[vc_row][vc_column][vc_column_text]<\/p>\n<h2 style=\"text-align: center;\">Acompanhamento dos pre\u00e7os dos derivados nos estados<\/h2>\n<p>&nbsp;<\/p>\n<p>No acompanhamento atualizado, semanalmente, a Associa\u00e7\u00e3o dos Engenheiros da Petrobr\u00e1s, n\u00facleo Bahia (AEPET-BA) destaca os pre\u00e7os dos seguintes derivados: gasolina comum, diesel S10 e o g\u00e1s de cozinha (GLP) 13kg, nos estados em que as refinarias do pa\u00eds est\u00e3o localizadas, sejam pertencentes \u00e0 Petrobr\u00e1s ou privatizadas.<\/p>\n<p>Com isso, a AEPET-BA busca mostrar as diferen\u00e7as de pre\u00e7os entre as refinarias privadas e as que continuam sob comando da Petrobr\u00e1s, como forma de fiscalizar os pre\u00e7os praticados pelas administradoras privadas e de reiterar a import\u00e2ncia da reestatiza\u00e7\u00e3o das refinarias.[\/vc_column_text][vc_empty_space][vc_raw_html]JTNDaWZyYW1lJTIwc3R5bGUlM0QlMjJ3aWR0aCUzQTEwMCUyNSUzQiUyMGhlaWdodCUzQSUyMDYwMHB4JTNCJTIyJTIwc3JjJTNEJTIyaHR0cHMlM0ElMkYlMkZkb2NzLmdvb2dsZS5jb20lMkZzcHJlYWRzaGVldHMlMkZkJTJGZSUyRjJQQUNYLTF2UldaTWVBcTJQRm5POVB0bXBRSmp2MWxBeVRaQ3gwX0RsdGpIbzNWeGg5TVktUktEeVJ6d1ljUTRqVDBPTXlBVnhUSjNCa3BWUzZEZTcxJTJGcHViaHRtbCUzRmdpZCUzRDEzNTkyMTU1NzQlMjZhbXAlM0JzaW5nbGUlM0R0cnVlJTI2YW1wJTNCd2lkZ2V0JTNEdHJ1ZSUyNmFtcCUzQmhlYWRlcnMlM0RmYWxzZSUyMiUzRSUzQyUyRmlmcmFtZSUzRQ==[\/vc_raw_html][\/vc_column][\/vc_row]<\/p>\n","protected":false},"excerpt":{"rendered":"<p>[vc_row][vc_column][vc_column_text] Acompanhamento dos pre\u00e7os dos derivados nos estados &nbsp; No acompanhamento atualizado, semanalmente, a Associa\u00e7\u00e3o dos Engenheiros da Petrobr\u00e1s, n\u00facleo Bahia (AEPET-BA) destaca os pre\u00e7os dos seguintes derivados: gasolina comum, diesel S10 e o g\u00e1s de cozinha (GLP) 13kg, nos&#8230;<\/p>\n","protected":false},"author":1,"featured_media":0,"parent":0,"menu_order":0,"comment_status":"closed","ping_status":"closed","template":"","meta":[],"yoast_head":"<!-- This site is optimized with the Yoast SEO plugin v19.3 - https:\/\/yoast.com\/wordpress\/plugins\/seo\/ -->\n<title>Monitoramento de Pre\u00e7os no Brasil - AEPET N\u00daCLEO BAHIA<\/title>\n<meta name=\"robots\" content=\"index, follow, max-snippet:-1, max-image-preview:large, max-video-preview:-1\" \/>\n<link rel=\"canonical\" href=\"https:\/\/aepetba.org.br\/v1\/monitoramento-de-precos-no-brasil\/\" \/>\n<meta property=\"og:locale\" content=\"pt_BR\" \/>\n<meta property=\"og:type\" content=\"article\" \/>\n<meta property=\"og:title\" content=\"Monitoramento de Pre\u00e7os no Brasil - AEPET N\u00daCLEO BAHIA\" \/>\n<meta property=\"og:description\" content=\"[vc_row][vc_column][vc_column_text] Acompanhamento dos pre\u00e7os dos derivados nos estados &nbsp; No acompanhamento atualizado, semanalmente, a Associa\u00e7\u00e3o dos Engenheiros da Petrobr\u00e1s, n\u00facleo Bahia (AEPET-BA) destaca os pre\u00e7os dos seguintes derivados: gasolina comum, diesel S10 e o g\u00e1s de cozinha (GLP) 13kg, nos...\" \/>\n<meta property=\"og:url\" content=\"https:\/\/aepetba.org.br\/v1\/monitoramento-de-precos-no-brasil\/\" \/>\n<meta property=\"og:site_name\" content=\"AEPET N\u00daCLEO BAHIA\" \/>\n<meta property=\"article:publisher\" content=\"https:\/\/web.facebook.com\/aepetba\" \/>\n<meta property=\"article:modified_time\" content=\"2023-07-27T21:57:04+00:00\" \/>\n<meta name=\"twitter:card\" content=\"summary_large_image\" \/>\n<meta name=\"twitter:site\" content=\"@aepetbahia\" \/>\n<meta name=\"twitter:label1\" content=\"Est. tempo de leitura\" \/>\n\t<meta name=\"twitter:data1\" content=\"2 minutos\" \/>\n<script type=\"application\/ld+json\" class=\"yoast-schema-graph\">{\"@context\":\"https:\/\/schema.org\",\"@graph\":[{\"@type\":\"Organization\",\"@id\":\"https:\/\/aepetba.org.br\/v1\/#organization\",\"name\":\"AEPET N\u00facleo Bahia\",\"url\":\"https:\/\/aepetba.org.br\/v1\/\",\"sameAs\":[\"https:\/\/www.instagram.com\/aepetbahia\/\",\"https:\/\/www.youtube.com\/c\/AEPETBAHIA\",\"https:\/\/web.facebook.com\/aepetba\",\"https:\/\/twitter.com\/aepetbahia\"],\"logo\":{\"@type\":\"ImageObject\",\"inLanguage\":\"pt-BR\",\"@id\":\"https:\/\/aepetba.org.br\/v1\/#\/schema\/logo\/image\/\",\"url\":\"https:\/\/aepetba.org.br\/v1\/wp-content\/uploads\/revslider\/home\/logo-AEPETBA.png\",\"contentUrl\":\"https:\/\/aepetba.org.br\/v1\/wp-content\/uploads\/revslider\/home\/logo-AEPETBA.png\",\"width\":297,\"height\":86,\"caption\":\"AEPET N\u00facleo Bahia\"},\"image\":{\"@id\":\"https:\/\/aepetba.org.br\/v1\/#\/schema\/logo\/image\/\"}},{\"@type\":\"WebSite\",\"@id\":\"https:\/\/aepetba.org.br\/v1\/#website\",\"url\":\"https:\/\/aepetba.org.br\/v1\/\",\"name\":\"AEPET N\u00daCLEO BAHIA\",\"description\":\"Associa\u00e7\u00e3o dos Engenheiros da Petrobr\u00e1s N\u00facleo Bahia Petr\u00f3leo Bahia Salvador Nordeste \",\"publisher\":{\"@id\":\"https:\/\/aepetba.org.br\/v1\/#organization\"},\"potentialAction\":[{\"@type\":\"SearchAction\",\"target\":{\"@type\":\"EntryPoint\",\"urlTemplate\":\"https:\/\/aepetba.org.br\/v1\/?s={search_term_string}\"},\"query-input\":\"required name=search_term_string\"}],\"inLanguage\":\"pt-BR\"},{\"@type\":\"WebPage\",\"@id\":\"https:\/\/aepetba.org.br\/v1\/monitoramento-de-precos-no-brasil\/\",\"url\":\"https:\/\/aepetba.org.br\/v1\/monitoramento-de-precos-no-brasil\/\",\"name\":\"Monitoramento de Pre\u00e7os no Brasil - AEPET N\u00daCLEO BAHIA\",\"isPartOf\":{\"@id\":\"https:\/\/aepetba.org.br\/v1\/#website\"},\"datePublished\":\"2023-07-25T22:11:01+00:00\",\"dateModified\":\"2023-07-27T21:57:04+00:00\",\"breadcrumb\":{\"@id\":\"https:\/\/aepetba.org.br\/v1\/monitoramento-de-precos-no-brasil\/#breadcrumb\"},\"inLanguage\":\"pt-BR\",\"potentialAction\":[{\"@type\":\"ReadAction\",\"target\":[\"https:\/\/aepetba.org.br\/v1\/monitoramento-de-precos-no-brasil\/\"]}]},{\"@type\":\"BreadcrumbList\",\"@id\":\"https:\/\/aepetba.org.br\/v1\/monitoramento-de-precos-no-brasil\/#breadcrumb\",\"itemListElement\":[{\"@type\":\"ListItem\",\"position\":1,\"name\":\"In\u00edcio\",\"item\":\"https:\/\/aepetba.org.br\/v1\/\"},{\"@type\":\"ListItem\",\"position\":2,\"name\":\"Monitoramento de Pre\u00e7os no Brasil\"}]}]}<\/script>\n<!-- \/ Yoast SEO plugin. -->","yoast_head_json":{"title":"Monitoramento de Pre\u00e7os no Brasil - AEPET N\u00daCLEO BAHIA","robots":{"index":"index","follow":"follow","max-snippet":"max-snippet:-1","max-image-preview":"max-image-preview:large","max-video-preview":"max-video-preview:-1"},"canonical":"https:\/\/aepetba.org.br\/v1\/monitoramento-de-precos-no-brasil\/","og_locale":"pt_BR","og_type":"article","og_title":"Monitoramento de Pre\u00e7os no Brasil - AEPET N\u00daCLEO BAHIA","og_description":"[vc_row][vc_column][vc_column_text] Acompanhamento dos pre\u00e7os dos derivados nos estados &nbsp; No acompanhamento atualizado, semanalmente, a Associa\u00e7\u00e3o dos Engenheiros da Petrobr\u00e1s, n\u00facleo Bahia (AEPET-BA) destaca os pre\u00e7os dos seguintes derivados: gasolina comum, diesel S10 e o g\u00e1s de cozinha (GLP) 13kg, nos...","og_url":"https:\/\/aepetba.org.br\/v1\/monitoramento-de-precos-no-brasil\/","og_site_name":"AEPET N\u00daCLEO BAHIA","article_publisher":"https:\/\/web.facebook.com\/aepetba","article_modified_time":"2023-07-27T21:57:04+00:00","twitter_card":"summary_large_image","twitter_site":"@aepetbahia","twitter_misc":{"Est. tempo de leitura":"2 minutos"},"schema":{"@context":"https:\/\/schema.org","@graph":[{"@type":"Organization","@id":"https:\/\/aepetba.org.br\/v1\/#organization","name":"AEPET N\u00facleo Bahia","url":"https:\/\/aepetba.org.br\/v1\/","sameAs":["https:\/\/www.instagram.com\/aepetbahia\/","https:\/\/www.youtube.com\/c\/AEPETBAHIA","https:\/\/web.facebook.com\/aepetba","https:\/\/twitter.com\/aepetbahia"],"logo":{"@type":"ImageObject","inLanguage":"pt-BR","@id":"https:\/\/aepetba.org.br\/v1\/#\/schema\/logo\/image\/","url":"https:\/\/aepetba.org.br\/v1\/wp-content\/uploads\/revslider\/home\/logo-AEPETBA.png","contentUrl":"https:\/\/aepetba.org.br\/v1\/wp-content\/uploads\/revslider\/home\/logo-AEPETBA.png","width":297,"height":86,"caption":"AEPET N\u00facleo Bahia"},"image":{"@id":"https:\/\/aepetba.org.br\/v1\/#\/schema\/logo\/image\/"}},{"@type":"WebSite","@id":"https:\/\/aepetba.org.br\/v1\/#website","url":"https:\/\/aepetba.org.br\/v1\/","name":"AEPET N\u00daCLEO BAHIA","description":"Associa\u00e7\u00e3o dos Engenheiros da Petrobr\u00e1s N\u00facleo Bahia Petr\u00f3leo Bahia Salvador Nordeste ","publisher":{"@id":"https:\/\/aepetba.org.br\/v1\/#organization"},"potentialAction":[{"@type":"SearchAction","target":{"@type":"EntryPoint","urlTemplate":"https:\/\/aepetba.org.br\/v1\/?s={search_term_string}"},"query-input":"required name=search_term_string"}],"inLanguage":"pt-BR"},{"@type":"WebPage","@id":"https:\/\/aepetba.org.br\/v1\/monitoramento-de-precos-no-brasil\/","url":"https:\/\/aepetba.org.br\/v1\/monitoramento-de-precos-no-brasil\/","name":"Monitoramento de Pre\u00e7os no Brasil - AEPET N\u00daCLEO BAHIA","isPartOf":{"@id":"https:\/\/aepetba.org.br\/v1\/#website"},"datePublished":"2023-07-25T22:11:01+00:00","dateModified":"2023-07-27T21:57:04+00:00","breadcrumb":{"@id":"https:\/\/aepetba.org.br\/v1\/monitoramento-de-precos-no-brasil\/#breadcrumb"},"inLanguage":"pt-BR","potentialAction":[{"@type":"ReadAction","target":["https:\/\/aepetba.org.br\/v1\/monitoramento-de-precos-no-brasil\/"]}]},{"@type":"BreadcrumbList","@id":"https:\/\/aepetba.org.br\/v1\/monitoramento-de-precos-no-brasil\/#breadcrumb","itemListElement":[{"@type":"ListItem","position":1,"name":"In\u00edcio","item":"https:\/\/aepetba.org.br\/v1\/"},{"@type":"ListItem","position":2,"name":"Monitoramento de Pre\u00e7os no Brasil"}]}]}},"_links":{"self":[{"href":"https:\/\/aepetba.org.br\/v1\/wp-json\/wp\/v2\/pages\/41472"}],"collection":[{"href":"https:\/\/aepetba.org.br\/v1\/wp-json\/wp\/v2\/pages"}],"about":[{"href":"https:\/\/aepetba.org.br\/v1\/wp-json\/wp\/v2\/types\/page"}],"author":[{"embeddable":true,"href":"https:\/\/aepetba.org.br\/v1\/wp-json\/wp\/v2\/users\/1"}],"replies":[{"embeddable":true,"href":"https:\/\/aepetba.org.br\/v1\/wp-json\/wp\/v2\/comments?post=41472"}],"version-history":[{"count":4,"href":"https:\/\/aepetba.org.br\/v1\/wp-json\/wp\/v2\/pages\/41472\/revisions"}],"predecessor-version":[{"id":41488,"href":"https:\/\/aepetba.org.br\/v1\/wp-json\/wp\/v2\/pages\/41472\/revisions\/41488"}],"wp:attachment":[{"href":"https:\/\/aepetba.org.br\/v1\/wp-json\/wp\/v2\/media?parent=41472"}],"curies":[{"name":"wp","href":"https:\/\/api.w.org\/{rel}","templated":true}]}}