{"id":44442,"date":"2024-06-18T14:02:39","date_gmt":"2024-06-18T17:02:39","guid":{"rendered":"https:\/\/aepetba.org.br\/v1\/?page_id=44442"},"modified":"2025-04-22T12:32:36","modified_gmt":"2025-04-22T15:32:36","slug":"liberty-affinity","status":"publish","type":"page","link":"https:\/\/aepetba.org.br\/v1\/liberty-affinity\/","title":{"rendered":"Liberty Affinity"},"content":{"rendered":"<p>[vc_row full_width=&#8221;stretch_row_content_no_spaces&#8221;][vc_column][vc_column_text]<\/p>\n<h1 style=\"text-align: center;\"><span style=\"color: #000080;\">A AEPET-BA \u00e9 parceira da Liberty Affinity!<\/span><\/h1>\n<h2 style=\"text-align: center;\"><span style=\"color: #333399;\"><em>Associados e dependentes diretos, podem contar com benef\u00edcios exclusivos.<\/em><\/span><\/h2>\n<p>[\/vc_column_text][vc_empty_space height=&#8221;20px&#8221;][vc_single_image image=&#8221;44449&#8243; img_size=&#8221;full&#8221; alignment=&#8221;center&#8221; css_animation=&#8221;fadeIn&#8221;][vc_empty_space height=&#8221;40px&#8221;][\/vc_column][\/vc_row][vc_row full_width=&#8221;stretch_row_content&#8221;][vc_column][vc_empty_space][vc_column_text]<span style=\"font-size: 18pt; color: #000080;\">Desconto de <strong>15%<\/strong> na contrata\u00e7\u00e3o dos Seguros: Autom\u00f3vel e Residencial, para os <strong>Associados da AEPET-BA<\/strong> e <\/span><span style=\"font-size: 18pt; color: #000080;\">extensivo aos pais, filhos e c\u00f4njuge \/ companheiro(a).<\/span><\/p>\n<p><span style=\"font-size: 18pt; color: #000080;\">Para cota\u00e7\u00e3o de seguros novos e renova\u00e7\u00f5es, os associados da AEPET-BA contar\u00e3o com <strong>Central de Atendimento da Liberty<\/strong> dedicada a conseguir o melhor seguro Auto e Residencial. Contatos abaixo!<\/span><\/p>\n<p><span style=\"font-size: 18pt; color: #000080;\">E para o p\u00f3s vendas (parcelas em atraso, eventuais mudan\u00e7as em forma de pagamento e sinistros), contem com a experi\u00eancia da <strong>Cidade Corretora de Seguros<\/strong>, que estar\u00e1 pronta para te atender, orientar em todas as situa\u00e7\u00f5es. Em caso de d\u00favidas, <strong><em><span style=\"text-decoration: underline;\"><a href=\"https:\/\/api.whatsapp.com\/send?phone=557192772542&amp;text=Ol%C3%A1 sou Associado AEPET-BA,\" target=\"_blank\" rel=\"noopener\">CLIQUE AQUI!<\/a><\/span><\/em><\/strong><\/span>[\/vc_column_text][vc_empty_space][\/vc_column][\/vc_row][vc_row full_width=&#8221;stretch_row_content&#8221; content_placement=&#8221;middle&#8221; css=&#8221;.vc_custom_1718737400099{background-color: #ffcf11 !important;}&#8221;][vc_column width=&#8221;2\/3&#8243;][vc_column_text]<span style=\"color: #000080; font-size: 18pt;\">Petroleiro(a), ainda n\u00e3o \u00e9 nosso Associado? Seja um Associado AEPET-BA e garanta os benef\u00edcios!<\/span>[\/vc_column_text][vc_empty_space height=&#8221;20px&#8221;][\/vc_column][vc_column width=&#8221;1\/3&#8243;][vc_btn title=&#8221;ASSOCIE-SE AQUI!&#8221; style=&#8221;custom&#8221; custom_background=&#8221;#071a8c&#8221; custom_text=&#8221;#ffffff&#8221; align=&#8221;center&#8221; css_animation=&#8221;bounceIn&#8221; link=&#8221;url:https%3A%2F%2Faepetba.org.br%2Fv1%2Fassocie-se-ja%2F|title:Associe-se!|target:%20_blank|&#8221;][\/vc_column][\/vc_row][vc_row full_width=&#8221;stretch_row_content&#8221;][vc_column width=&#8221;1\/2&#8243;][vc_single_image image=&#8221;44451&#8243; img_size=&#8221;full&#8221;][\/vc_column][vc_column width=&#8221;1\/2&#8243;][vc_single_image image=&#8221;44452&#8243; img_size=&#8221;full&#8221; alignment=&#8221;right&#8221;][\/vc_column][\/vc_row][vc_row][vc_column][vc_column_text]<\/p>\n<h2 style=\"text-align: center;\"><span style=\"color: #000080; background-color: #ffcc00; line-height: 38pt !important; font-size: 36pt;\"><strong>O Liberty Affinity \u00e9 pura vantagem!<\/strong><\/span><\/h2>\n<p>&nbsp;<\/p>\n<p style=\"text-align: center;\"><span style=\"font-size: 24pt; color: #000080; line-height: 26pt !important;\">Conhe\u00e7a nossos benef\u00edcios e condi\u00e7\u00f5es exclusivas na contrata\u00e7\u00e3o do seu seguro de Autom\u00f3vel e Resid\u00eancia:<\/span><\/p>\n<p>[\/vc_column_text][\/vc_column][\/vc_row][vc_row][vc_column width=&#8221;1\/4&#8243;][vc_empty_space height=&#8221;20px&#8221;][vc_single_image image=&#8221;44460&#8243; img_size=&#8221;full&#8221; alignment=&#8221;center&#8221; css_animation=&#8221;bounceIn&#8221;][\/vc_column][vc_column width=&#8221;1\/4&#8243;][vc_empty_space height=&#8221;20px&#8221;][vc_single_image image=&#8221;44461&#8243; img_size=&#8221;full&#8221; alignment=&#8221;center&#8221; css_animation=&#8221;bounceIn&#8221;][\/vc_column][vc_column width=&#8221;1\/4&#8243;][vc_empty_space height=&#8221;20px&#8221;][vc_single_image image=&#8221;44462&#8243; img_size=&#8221;full&#8221; alignment=&#8221;center&#8221; css_animation=&#8221;bounceIn&#8221;][\/vc_column][vc_column width=&#8221;1\/4&#8243;][vc_empty_space height=&#8221;20px&#8221;][vc_single_image image=&#8221;44463&#8243; img_size=&#8221;full&#8221; alignment=&#8221;center&#8221; css_animation=&#8221;bounceIn&#8221;][\/vc_column][\/vc_row][vc_row][vc_column][vc_empty_space][vc_column_text css_animation=&#8221;fadeIn&#8221;]<span style=\"font-size: 24pt; color: #000080;\">Para mais informa\u00e7\u00f5es sobre seguro de <strong>Autom\u00f3vel e Resid\u00eancia<\/strong>:<\/span><\/p>\n<p><a href=\"tel:71992772542\"><span style=\"color: #000080;\"><span style=\"font-size: 32px; background-color: #ffcc00;\">71 99277-2542<\/span><\/span><\/a><\/p>\n<p><span style=\"font-size: 24pt; color: #000080; background-color: #ffcc00;\"><a style=\"color: #000080; background-color: #ffcc00;\" href=\"mailto:frederico@cidadecorretora.com.br\" target=\"_blank\" rel=\"noopener\">frederico@cidadecorretora.com.br <\/a><\/span>[\/vc_column_text][vc_empty_space][vc_single_image image=&#8221;44466&#8243; img_size=&#8221;full&#8221; alignment=&#8221;center&#8221;][\/vc_column][\/vc_row]<\/p>\n","protected":false},"excerpt":{"rendered":"<p>[vc_row full_width=&#8221;stretch_row_content_no_spaces&#8221;][vc_column][vc_column_text] A AEPET-BA \u00e9 parceira da Liberty Affinity! Associados e dependentes diretos, podem contar com benef\u00edcios exclusivos. [\/vc_column_text][vc_empty_space height=&#8221;20px&#8221;][vc_single_image image=&#8221;44449&#8243; img_size=&#8221;full&#8221; alignment=&#8221;center&#8221; css_animation=&#8221;fadeIn&#8221;][vc_empty_space height=&#8221;40px&#8221;][\/vc_column][\/vc_row][vc_row full_width=&#8221;stretch_row_content&#8221;][vc_column][vc_empty_space][vc_column_text]Desconto de 15% na contrata\u00e7\u00e3o dos Seguros: Autom\u00f3vel e Residencial, para os Associados da AEPET-BA&#8230;<\/p>\n","protected":false},"author":1,"featured_media":0,"parent":0,"menu_order":0,"comment_status":"closed","ping_status":"closed","template":"","meta":[],"yoast_head":"<!-- This site is optimized with the Yoast SEO plugin v19.3 - https:\/\/yoast.com\/wordpress\/plugins\/seo\/ -->\n<title>Liberty Affinity<\/title>\n<meta name=\"robots\" content=\"index, follow, max-snippet:-1, max-image-preview:large, max-video-preview:-1\" \/>\n<link rel=\"canonical\" href=\"https:\/\/aepetba.org.br\/v1\/liberty-affinity\/\" \/>\n<meta property=\"og:locale\" content=\"pt_BR\" \/>\n<meta property=\"og:type\" content=\"article\" \/>\n<meta property=\"og:title\" content=\"Liberty Affinity\" \/>\n<meta property=\"og:description\" content=\"[vc_row full_width=&#8221;stretch_row_content_no_spaces&#8221;][vc_column][vc_column_text] A AEPET-BA \u00e9 parceira da Liberty Affinity! Associados e dependentes diretos, podem contar com benef\u00edcios exclusivos. [\/vc_column_text][vc_empty_space height=&#8221;20px&#8221;][vc_single_image image=&#8221;44449&#8243; img_size=&#8221;full&#8221; alignment=&#8221;center&#8221; css_animation=&#8221;fadeIn&#8221;][vc_empty_space height=&#8221;40px&#8221;][\/vc_column][\/vc_row][vc_row full_width=&#8221;stretch_row_content&#8221;][vc_column][vc_empty_space][vc_column_text]Desconto de 15% na contrata\u00e7\u00e3o dos Seguros: Autom\u00f3vel e Residencial, para os Associados da AEPET-BA...\" \/>\n<meta property=\"og:url\" content=\"https:\/\/aepetba.org.br\/v1\/liberty-affinity\/\" \/>\n<meta property=\"og:site_name\" content=\"AEPET N\u00daCLEO BAHIA\" \/>\n<meta property=\"article:publisher\" content=\"https:\/\/web.facebook.com\/aepetba\" \/>\n<meta property=\"article:modified_time\" content=\"2025-04-22T15:32:36+00:00\" \/>\n<meta name=\"twitter:card\" content=\"summary_large_image\" \/>\n<meta name=\"twitter:site\" content=\"@aepetbahia\" \/>\n<meta name=\"twitter:label1\" content=\"Est. tempo de leitura\" \/>\n\t<meta name=\"twitter:data1\" content=\"2 minutos\" \/>\n<script type=\"application\/ld+json\" class=\"yoast-schema-graph\">{\"@context\":\"https:\/\/schema.org\",\"@graph\":[{\"@type\":\"Organization\",\"@id\":\"https:\/\/aepetba.org.br\/v1\/#organization\",\"name\":\"AEPET N\u00facleo Bahia\",\"url\":\"https:\/\/aepetba.org.br\/v1\/\",\"sameAs\":[\"https:\/\/www.instagram.com\/aepetbahia\/\",\"https:\/\/www.youtube.com\/c\/AEPETBAHIA\",\"https:\/\/web.facebook.com\/aepetba\",\"https:\/\/twitter.com\/aepetbahia\"],\"logo\":{\"@type\":\"ImageObject\",\"inLanguage\":\"pt-BR\",\"@id\":\"https:\/\/aepetba.org.br\/v1\/#\/schema\/logo\/image\/\",\"url\":\"https:\/\/aepetba.org.br\/v1\/wp-content\/uploads\/revslider\/home\/logo-AEPETBA.png\",\"contentUrl\":\"https:\/\/aepetba.org.br\/v1\/wp-content\/uploads\/revslider\/home\/logo-AEPETBA.png\",\"width\":297,\"height\":86,\"caption\":\"AEPET N\u00facleo Bahia\"},\"image\":{\"@id\":\"https:\/\/aepetba.org.br\/v1\/#\/schema\/logo\/image\/\"}},{\"@type\":\"WebSite\",\"@id\":\"https:\/\/aepetba.org.br\/v1\/#website\",\"url\":\"https:\/\/aepetba.org.br\/v1\/\",\"name\":\"AEPET N\u00daCLEO BAHIA\",\"description\":\"Associa\u00e7\u00e3o dos Engenheiros da Petrobr\u00e1s N\u00facleo Bahia Petr\u00f3leo Bahia Salvador Nordeste \",\"publisher\":{\"@id\":\"https:\/\/aepetba.org.br\/v1\/#organization\"},\"potentialAction\":[{\"@type\":\"SearchAction\",\"target\":{\"@type\":\"EntryPoint\",\"urlTemplate\":\"https:\/\/aepetba.org.br\/v1\/?s={search_term_string}\"},\"query-input\":\"required name=search_term_string\"}],\"inLanguage\":\"pt-BR\"},{\"@type\":\"WebPage\",\"@id\":\"https:\/\/aepetba.org.br\/v1\/liberty-affinity\/\",\"url\":\"https:\/\/aepetba.org.br\/v1\/liberty-affinity\/\",\"name\":\"Liberty Affinity\",\"isPartOf\":{\"@id\":\"https:\/\/aepetba.org.br\/v1\/#website\"},\"datePublished\":\"2024-06-18T17:02:39+00:00\",\"dateModified\":\"2025-04-22T15:32:36+00:00\",\"breadcrumb\":{\"@id\":\"https:\/\/aepetba.org.br\/v1\/liberty-affinity\/#breadcrumb\"},\"inLanguage\":\"pt-BR\",\"potentialAction\":[{\"@type\":\"ReadAction\",\"target\":[\"https:\/\/aepetba.org.br\/v1\/liberty-affinity\/\"]}]},{\"@type\":\"BreadcrumbList\",\"@id\":\"https:\/\/aepetba.org.br\/v1\/liberty-affinity\/#breadcrumb\",\"itemListElement\":[{\"@type\":\"ListItem\",\"position\":1,\"name\":\"In\u00edcio\",\"item\":\"https:\/\/aepetba.org.br\/v1\/\"},{\"@type\":\"ListItem\",\"position\":2,\"name\":\"Liberty Affinity\"}]}]}<\/script>\n<!-- \/ Yoast SEO plugin. -->","yoast_head_json":{"title":"Liberty Affinity","robots":{"index":"index","follow":"follow","max-snippet":"max-snippet:-1","max-image-preview":"max-image-preview:large","max-video-preview":"max-video-preview:-1"},"canonical":"https:\/\/aepetba.org.br\/v1\/liberty-affinity\/","og_locale":"pt_BR","og_type":"article","og_title":"Liberty Affinity","og_description":"[vc_row full_width=&#8221;stretch_row_content_no_spaces&#8221;][vc_column][vc_column_text] A AEPET-BA \u00e9 parceira da Liberty Affinity! Associados e dependentes diretos, podem contar com benef\u00edcios exclusivos. [\/vc_column_text][vc_empty_space height=&#8221;20px&#8221;][vc_single_image image=&#8221;44449&#8243; img_size=&#8221;full&#8221; alignment=&#8221;center&#8221; css_animation=&#8221;fadeIn&#8221;][vc_empty_space height=&#8221;40px&#8221;][\/vc_column][\/vc_row][vc_row full_width=&#8221;stretch_row_content&#8221;][vc_column][vc_empty_space][vc_column_text]Desconto de 15% na contrata\u00e7\u00e3o dos Seguros: Autom\u00f3vel e Residencial, para os Associados da AEPET-BA...","og_url":"https:\/\/aepetba.org.br\/v1\/liberty-affinity\/","og_site_name":"AEPET N\u00daCLEO BAHIA","article_publisher":"https:\/\/web.facebook.com\/aepetba","article_modified_time":"2025-04-22T15:32:36+00:00","twitter_card":"summary_large_image","twitter_site":"@aepetbahia","twitter_misc":{"Est. tempo de leitura":"2 minutos"},"schema":{"@context":"https:\/\/schema.org","@graph":[{"@type":"Organization","@id":"https:\/\/aepetba.org.br\/v1\/#organization","name":"AEPET N\u00facleo Bahia","url":"https:\/\/aepetba.org.br\/v1\/","sameAs":["https:\/\/www.instagram.com\/aepetbahia\/","https:\/\/www.youtube.com\/c\/AEPETBAHIA","https:\/\/web.facebook.com\/aepetba","https:\/\/twitter.com\/aepetbahia"],"logo":{"@type":"ImageObject","inLanguage":"pt-BR","@id":"https:\/\/aepetba.org.br\/v1\/#\/schema\/logo\/image\/","url":"https:\/\/aepetba.org.br\/v1\/wp-content\/uploads\/revslider\/home\/logo-AEPETBA.png","contentUrl":"https:\/\/aepetba.org.br\/v1\/wp-content\/uploads\/revslider\/home\/logo-AEPETBA.png","width":297,"height":86,"caption":"AEPET N\u00facleo Bahia"},"image":{"@id":"https:\/\/aepetba.org.br\/v1\/#\/schema\/logo\/image\/"}},{"@type":"WebSite","@id":"https:\/\/aepetba.org.br\/v1\/#website","url":"https:\/\/aepetba.org.br\/v1\/","name":"AEPET N\u00daCLEO BAHIA","description":"Associa\u00e7\u00e3o dos Engenheiros da Petrobr\u00e1s N\u00facleo Bahia Petr\u00f3leo Bahia Salvador Nordeste ","publisher":{"@id":"https:\/\/aepetba.org.br\/v1\/#organization"},"potentialAction":[{"@type":"SearchAction","target":{"@type":"EntryPoint","urlTemplate":"https:\/\/aepetba.org.br\/v1\/?s={search_term_string}"},"query-input":"required name=search_term_string"}],"inLanguage":"pt-BR"},{"@type":"WebPage","@id":"https:\/\/aepetba.org.br\/v1\/liberty-affinity\/","url":"https:\/\/aepetba.org.br\/v1\/liberty-affinity\/","name":"Liberty Affinity","isPartOf":{"@id":"https:\/\/aepetba.org.br\/v1\/#website"},"datePublished":"2024-06-18T17:02:39+00:00","dateModified":"2025-04-22T15:32:36+00:00","breadcrumb":{"@id":"https:\/\/aepetba.org.br\/v1\/liberty-affinity\/#breadcrumb"},"inLanguage":"pt-BR","potentialAction":[{"@type":"ReadAction","target":["https:\/\/aepetba.org.br\/v1\/liberty-affinity\/"]}]},{"@type":"BreadcrumbList","@id":"https:\/\/aepetba.org.br\/v1\/liberty-affinity\/#breadcrumb","itemListElement":[{"@type":"ListItem","position":1,"name":"In\u00edcio","item":"https:\/\/aepetba.org.br\/v1\/"},{"@type":"ListItem","position":2,"name":"Liberty Affinity"}]}]}},"_links":{"self":[{"href":"https:\/\/aepetba.org.br\/v1\/wp-json\/wp\/v2\/pages\/44442"}],"collection":[{"href":"https:\/\/aepetba.org.br\/v1\/wp-json\/wp\/v2\/pages"}],"about":[{"href":"https:\/\/aepetba.org.br\/v1\/wp-json\/wp\/v2\/types\/page"}],"author":[{"embeddable":true,"href":"https:\/\/aepetba.org.br\/v1\/wp-json\/wp\/v2\/users\/1"}],"replies":[{"embeddable":true,"href":"https:\/\/aepetba.org.br\/v1\/wp-json\/wp\/v2\/comments?post=44442"}],"version-history":[{"count":24,"href":"https:\/\/aepetba.org.br\/v1\/wp-json\/wp\/v2\/pages\/44442\/revisions"}],"predecessor-version":[{"id":46365,"href":"https:\/\/aepetba.org.br\/v1\/wp-json\/wp\/v2\/pages\/44442\/revisions\/46365"}],"wp:attachment":[{"href":"https:\/\/aepetba.org.br\/v1\/wp-json\/wp\/v2\/media?parent=44442"}],"curies":[{"name":"wp","href":"https:\/\/api.w.org\/{rel}","templated":true}]}}